{"id":2429,"date":"2019-01-03T14:31:00","date_gmt":"2019-01-03T11:31:00","guid":{"rendered":"http:\/\/dentaydin.com\/en\/?page_id=2429"},"modified":"2025-05-30T11:52:47","modified_gmt":"2025-05-30T08:52:47","slug":"messages-management","status":"publish","type":"page","link":"https:\/\/dentaydin.com\/en\/messages-management\/","title":{"rendered":"Messages Management"},"content":{"rendered":"<p>[vc_row css_animation=&#8221;none&#8221;][vc_column width=&#8221;1\/2&#8243;][tm_image animation=&#8221;move-up&#8221; image=&#8221;3151&#8243;][\/vc_column][vc_column width=&#8221;1\/2&#8243;][tm_spacer size=&#8221;xs:40;lg:60&#8243;][vc_column_text css_animation=&#8221;bottom-to-top&#8221;]<\/p>\n<h3>The President\u2019s Message<\/h3>\n<p style=\"text-align: justify;\">With its mission to become the exemplary university of modern Turkey, Istanbul Ayd\u0131n University continues to provide education and training to young generations that will internalize the indispensable and unchangeable values of the Republic of Turkey. While the University follows its path with Dentayd\u0131n, the Hospital of the Faculty of Dentistry, it offers services regarding oral and dental health, prioritizing rights and satisfaction of patients. Our university hospital employs an experienced staff as well as doctors with an academic career in the fields of oral and maxillofacial radiology, oral and maxillofacial surgery, endodontics, pedodontics, periodontology, orthodontics, prosthetic dentistry, and restorative dentistry. Paying regard to the necessities of the time and living up to the expectations of the society, providing you with an ever-friendly service at international standards, and as a result, seeing the high level of patient satisfaction will be a source of pride for us.<\/p>\n<p><span style=\"color: #06205c; font-size: 14pt;\"><strong>Prof. Dr. Mustafa AYDIN<\/strong><\/span><br \/>\n<span style=\"color: #e12454; font-size: 12pt;\">President of the Board of Trustees of Istanbul Ayd\u0131n University<\/span>[\/vc_column_text][\/vc_column][\/vc_row][vc_row][vc_column][tm_spacer size=&#8221;lg:100&#8243;][\/vc_column][\/vc_row][vc_row css_animation=&#8221;slideInUp&#8221;][vc_column width=&#8221;1\/2&#8243;][tm_image animation=&#8221;move-up&#8221; image=&#8221;7826&#8243;][\/vc_column][vc_column width=&#8221;1\/2&#8243;][tm_spacer size=&#8221;xs:40;lg:120&#8243;][vc_column_text css_animation=&#8221;bottom-to-top&#8221;]<\/p>\n<h3>The Dean\u2019s Message<\/h3>\n<p style=\"text-align: justify;\">With its experienced academic staff, clinics with modern equipment, pre-eminently-organized student laboratories, hospital with a ADEE (Association for Dental Education in Europe) membership, the Faculty of Dentistry of Istanbul Ayd\u0131n University is among the leading faculties of dentistry in our country. While dental education is provided in modern conditions in our Faculty, patients preferring our hospital are also treated in the best way possible by our academic staff. Adopting the mission and vision of the University, our Faculty is continuing to contribute to the field of dentistry.<\/p>\n<p><span style=\"color: #e12454; font-size: 12pt;\"><span style=\"color: #06205c; font-size: 14pt;\"><strong>Prof. Dr. \u015eeyda HERG\u00dcNER S\u0130SO<br \/>\n<\/strong><\/span><\/span><\/p>\n<p><span style=\"color: #e12454; font-size: 12pt;\">Dean of the Faculty of Dentistry of Istanbul Ayd\u0131n University<\/span>[\/vc_column_text][\/vc_column][\/vc_row][vc_row][vc_column][tm_spacer size=&#8221;lg:100&#8243;][\/vc_column][\/vc_row][vc_row css_animation=&#8221;slideInUp&#8221;][vc_column width=&#8221;1\/2&#8243;][tm_image animation=&#8221;move-up&#8221; image=&#8221;7826&#8243;][\/vc_column][vc_column width=&#8221;1\/2&#8243;][tm_spacer size=&#8221;lg:40&#8243;][vc_column_text css_animation=&#8221;bottom-to-top&#8221;]<\/p>\n<h3>The Centre D\u0131rector\u2019s Message<\/h3>\n<p style=\"text-align: justify;\">Our Oral and Dental Health Research and Application Centre, which offers services in line with the ones offered by the Faculty of Dentistry of Istanbul Ayd\u0131n University, has been working for community health since September 2011. With its professional staff in each department of the Faculty of Dentistry, friendly and experienced medical personnel prioritizing patient rights, a service concept attributing importance to the world quality standards, a patient-satisfaction-oriented work system and social responsibility projects creating awareness, our Centre breathes new life into oral and dental health. Our objective is to successfully treat our patients at international standards in our Centre, equipped with the latest technological tools and machines, in a calm and healthy environment.<\/p>\n<p><span style=\"color: #e12454; font-size: 12pt;\"><span style=\"color: #06205c; font-size: 14pt;\"><strong>Prof. Dr. \u015eeyda HERG\u00dcNER S\u0130SO<br \/>\n<\/strong><\/span><\/span><\/p>\n<p><span style=\"color: #e12454; font-size: 12pt;\">Centre Director of Dentayd\u0131n, Istanbul Ayd\u0131n University<\/span>[\/vc_column_text][\/vc_column][\/vc_row]<\/p>\n","protected":false},"excerpt":{"rendered":"<p>[vc_row css_animation=&#8221;none&#8221;][vc_column width=&#8221;1\/2&#8243;][tm_image animation=&#8221;move-up&#8221; image=&#8221;3151&#8243;][\/vc_column][vc_column width=&#8221;1\/2&#8243;][tm_spacer size=&#8221;xs:40;lg:60&#8243;][vc_column_text css_animation=&#8221;bottom-to-top&#8221;] The President\u2019s Message With its mission to become the exemplary university of modern Turkey, Istanbul Ayd\u0131n University continues to provide education and training to young generations that will internalize the indispensable and unchangeable values of the Republic of Turkey. While the University follows its path with Dentayd\u0131n, the Hospital of the Faculty of Dentistry, it offers services regarding oral and dental health, prioritizing rights and satisfaction of patients. Our university hospital employs an experienced staff as well as doctors with an academic career in the fields of oral and maxillofacial radiology, oral and maxillofacial surgery, endodontics, pedodontics, periodontology, orthodontics, prosthetic dentistry, and restorative dentistry. Paying regard to the necessities of the time and living up to the expectations of the society, providing you with an ever-friendly service at international standards, and as a result, seeing the high level of patient satisfaction will be a source of pride for us. Prof. Dr. Mustafa AYDIN President of the Board of Trustees of Istanbul Ayd\u0131n University[\/vc_column_text][\/vc_column][\/vc_row][vc_row][vc_column][tm_spacer size=&#8221;lg:100&#8243;][\/vc_column][\/vc_row][vc_row css_animation=&#8221;slideInUp&#8221;][vc_column width=&#8221;1\/2&#8243;][tm_image animation=&#8221;move-up&#8221; image=&#8221;7826&#8243;][\/vc_column][vc_column width=&#8221;1\/2&#8243;][tm_spacer size=&#8221;xs:40;lg:120&#8243;][vc_column_text css_animation=&#8221;bottom-to-top&#8221;] The Dean\u2019s Message With its experienced academic staff, clinics with modern equipment, pre-eminently-organized student laboratories, hospital with a ADEE (Association for Dental Education in Europe) membership, the Faculty of Dentistry of Istanbul Ayd\u0131n University is among the leading faculties of dentistry in our country. While dental education is provided in modern conditions in our Faculty, patients preferring our hospital are also treated in the best way possible by our academic staff. Adopting the mission and vision of the University, our Faculty is continuing to contribute to the field of dentistry. Prof. Dr. \u015eeyda HERG\u00dcNER S\u0130SO Dean of the Faculty of Dentistry of Istanbul Ayd\u0131n University[\/vc_column_text][\/vc_column][\/vc_row][vc_row][vc_column][tm_spacer size=&#8221;lg:100&#8243;][\/vc_column][\/vc_row][vc_row css_animation=&#8221;slideInUp&#8221;][vc_column width=&#8221;1\/2&#8243;][tm_image animation=&#8221;move-up&#8221; image=&#8221;7826&#8243;][\/vc_column][vc_column width=&#8221;1\/2&#8243;][tm_spacer size=&#8221;lg:40&#8243;][vc_column_text css_animation=&#8221;bottom-to-top&#8221;] The Centre D\u0131rector\u2019s Message Our Oral and Dental Health Research and Application Centre, which offers services in line with the ones offered by the Faculty of Dentistry of Istanbul Ayd\u0131n University, has been working for community health since September 2011. With its professional staff in each department of the Faculty of Dentistry, friendly and experienced medical personnel prioritizing patient rights, a service concept attributing importance to the world quality standards, a patient-satisfaction-oriented work system and social responsibility projects creating awareness, our Centre breathes new life into oral and dental health. Our objective is to successfully treat our patients at international standards in our Centre, equipped with the latest technological tools and machines, in a calm and healthy environment. Prof. Dr. \u015eeyda HERG\u00dcNER S\u0130SO Centre Director of Dentayd\u0131n, Istanbul Ayd\u0131n University[\/vc_column_text][\/vc_column][\/vc_row]<\/p>\n","protected":false},"author":1,"featured_media":0,"parent":0,"menu_order":0,"comment_status":"closed","ping_status":"closed","template":"","meta":[],"_links":{"self":[{"href":"https:\/\/dentaydin.com\/en\/wp-json\/wp\/v2\/pages\/2429"}],"collection":[{"href":"https:\/\/dentaydin.com\/en\/wp-json\/wp\/v2\/pages"}],"about":[{"href":"https:\/\/dentaydin.com\/en\/wp-json\/wp\/v2\/types\/page"}],"author":[{"embeddable":true,"href":"https:\/\/dentaydin.com\/en\/wp-json\/wp\/v2\/users\/1"}],"replies":[{"embeddable":true,"href":"https:\/\/dentaydin.com\/en\/wp-json\/wp\/v2\/comments?post=2429"}],"version-history":[{"count":5,"href":"https:\/\/dentaydin.com\/en\/wp-json\/wp\/v2\/pages\/2429\/revisions"}],"predecessor-version":[{"id":7920,"href":"https:\/\/dentaydin.com\/en\/wp-json\/wp\/v2\/pages\/2429\/revisions\/7920"}],"wp:attachment":[{"href":"https:\/\/dentaydin.com\/en\/wp-json\/wp\/v2\/media?parent=2429"}],"curies":[{"name":"wp","href":"https:\/\/api.w.org\/{rel}","templated":true}]}}