{"id":2431,"date":"2019-01-03T14:32:03","date_gmt":"2019-01-03T11:32:03","guid":{"rendered":"http:\/\/dentaydin.com\/en\/?page_id=2431"},"modified":"2025-06-03T16:56:59","modified_gmt":"2025-06-03T13:56:59","slug":"quality-studies","status":"publish","type":"page","link":"https:\/\/dentaydin.com\/en\/quality-studies\/","title":{"rendered":"Quality Studies"},"content":{"rendered":"<p>[vc_row][vc_column][tm_spacer size=&#8221;lg:100&#8243;][\/vc_column][\/vc_row][vc_row css_animation=&#8221;none&#8221;][vc_column width=&#8221;1\/2&#8243;][tm_image animation=&#8221;move-up&#8221; image=&#8221;7916&#8243;][\/vc_column][vc_column width=&#8221;1\/2&#8243;][tm_spacer size=&#8221;xs:40;lg:50&#8243;][vc_column_text css_animation=&#8221;bottom-to-top&#8221;]<\/p>\n<h3>Quality Policy<\/h3>\n<p>As Istanbul Ayd\u0131n University Dental Hospitals, our quality policy is to prioritize teamwork in all processes to ensure the safety of both patients and staff, and to continuously improve service quality within national and international standards. We aim to help all team members become more competent and make the most of their skills and potential.<\/p>\n<p><strong>Department of Strategy and Quality Development<\/strong>[\/vc_column_text][\/vc_column][\/vc_row][vc_row][vc_column][tm_spacer size=&#8221;lg:100&#8243;][\/vc_column][\/vc_row][vc_row][vc_column width=&#8221;1\/2&#8243;][tm_heading custom_google_font=&#8221;&#8221; text=&#8221;Employee Safety Implementations&#8221;][tm_spacer size=&#8221;lg:30&#8243;][vc_column_text]\u0130stanbul Ayd\u0131n University Dental Hospitals has a Committee on Employee Rights and Safety in Dentayd\u0131n. The Committee carries out its work on the following standards. Occupational Health and Safety Unit was established to follow up these studies[\/vc_column_text][tm_spacer size=&#8221;lg:30&#8243;][\/vc_column][vc_column width=&#8221;1\/2&#8243;][tm_spacer size=&#8221;xs:40&#8243;][tm_heading custom_google_font=&#8221;&#8221; text=&#8221;Patient Safety Implementations&#8221;][tm_spacer size=&#8221;lg:30&#8243;][vc_column_text]In order to prevent undesired events in health care services, Istanbul Ayd\u0131n University Dental Hospital Dentayd\u0131n signifies the precautions taken by Dentayd\u0131n and its employees for patient safety. To ensure that errors in processes are detected and corrected before reaching the patient; substructure studies, facility tours, improvements and trainings are carried out regularly.<\/p>\n<p>Studies on the key issues related to patient safety are as follows;[\/vc_column_text][tm_spacer size=&#8221;lg:30&#8243;][tm_list list_style=&#8221;check-02&#8243; columns=&#8221;xs:1;lg:1&#8243; items=&#8221;%5B%7B%22item_title%22%3A%22Correct%20identification%20of%20patients%22%2C%22icon_type%22%3A%22fontawesome5%22%7D%2C%7B%22item_title%22%3A%22Ensuring%20effective%20communication%20between%20employees%22%2C%22icon_type%22%3A%22fontawesome5%22%7D%2C%7B%22item_title%22%3A%22Ensuring%20drug%20safety%22%2C%22icon_type%22%3A%22fontawesome5%22%7D%2C%7B%22item_title%22%3A%22Ensuring%20radiation%20safety%22%2C%22icon_type%22%3A%22fontawesome5%22%7D%2C%7B%22item_title%22%3A%22Reduction%20of%20risks%20from%20falls%22%2C%22icon_type%22%3A%22fontawesome5%22%7D%2C%7B%22item_title%22%3A%22Ensuring%20safe%20surgical%20procedures%22%2C%22icon_type%22%3A%22fontawesome5%22%7D%2C%7B%22item_title%22%3A%22Ensuring%20medical%20device%20safety%22%2C%22icon_type%22%3A%22fontawesome5%22%7D%2C%7B%22item_title%22%3A%22Providing%20patient%20privacy%22%2C%22icon_type%22%3A%22fontawesome5%22%7D%2C%7B%22item_title%22%3A%22Safe%20transfer%20of%20patients%22%2C%22icon_type%22%3A%22fontawesome5%22%7D%2C%7B%22item_title%22%3A%22Safe%20transfer%20of%20patient%20information%20and%20records%20between%20health%20workers%22%2C%22icon_type%22%3A%22fontawesome5%22%7D%2C%7B%22item_title%22%3A%22Ensuring%20information%20security%22%2C%22icon_type%22%3A%22fontawesome5%22%7D%2C%7B%22item_title%22%3A%22Prevention%20of%20infections%22%2C%22icon_type%22%3A%22fontawesome5%22%7D%5D&#8221;][\/vc_column][\/vc_row][vc_row][vc_column][tm_spacer size=&#8221;lg:100&#8243;][\/vc_column][\/vc_row][vc_row][vc_column width=&#8221;1\/2&#8243;][tm_spacer size=&#8221;xs:40;lg:0&#8243;][tm_heading custom_google_font=&#8221;&#8221; text=&#8221;Organization Chart&#8221;][tm_spacer size=&#8221;lg:30&#8243;][tm_image action=&#8221;popup&#8221; image=&#8221;7918&#8243; box_shadow=&#8221;0 0px 30px #ccc&#8221;][\/vc_column][\/vc_row][vc_row][vc_column][tm_spacer size=&#8221;lg:100&#8243;][\/vc_column][\/vc_row]<\/p>\n","protected":false},"excerpt":{"rendered":"<p>[vc_row][vc_column][tm_spacer size=&#8221;lg:100&#8243;][\/vc_column][\/vc_row][vc_row css_animation=&#8221;none&#8221;][vc_column width=&#8221;1\/2&#8243;][tm_image animation=&#8221;move-up&#8221; image=&#8221;7916&#8243;][\/vc_column][vc_column width=&#8221;1\/2&#8243;][tm_spacer size=&#8221;xs:40;lg:50&#8243;][vc_column_text css_animation=&#8221;bottom-to-top&#8221;] Quality Policy As Istanbul Ayd\u0131n University Dental Hospitals, our quality policy is to prioritize teamwork in all processes to ensure the safety of both patients and staff, and to continuously improve service quality within national and international standards. We aim to help all team members become more competent and make the most of their skills and potential. Department of Strategy and Quality Development[\/vc_column_text][\/vc_column][\/vc_row][vc_row][vc_column][tm_spacer size=&#8221;lg:100&#8243;][\/vc_column][\/vc_row][vc_row][vc_column width=&#8221;1\/2&#8243;][tm_heading custom_google_font=&#8221;&#8221; text=&#8221;Employee Safety Implementations&#8221;][tm_spacer size=&#8221;lg:30&#8243;][vc_column_text]\u0130stanbul Ayd\u0131n University Dental Hospitals has a Committee on Employee Rights and Safety in Dentayd\u0131n. The Committee carries out its work on the following standards. Occupational Health and Safety Unit was established to follow up these studies[\/vc_column_text][tm_spacer size=&#8221;lg:30&#8243;][\/vc_column][vc_column width=&#8221;1\/2&#8243;][tm_spacer size=&#8221;xs:40&#8243;][tm_heading custom_google_font=&#8221;&#8221; text=&#8221;Patient Safety Implementations&#8221;][tm_spacer size=&#8221;lg:30&#8243;][vc_column_text]In order to prevent undesired events in health care services, Istanbul Ayd\u0131n University Dental Hospital Dentayd\u0131n signifies the precautions taken by Dentayd\u0131n and its employees for patient safety. To ensure that errors in processes are detected and corrected before reaching the patient; substructure studies, facility tours, improvements and trainings are carried out regularly. Studies on the key issues related to patient safety are as follows;[\/vc_column_text][tm_spacer size=&#8221;lg:30&#8243;][tm_list list_style=&#8221;check-02&#8243; columns=&#8221;xs:1;lg:1&#8243; items=&#8221;%5B%7B%22item_title%22%3A%22Correct%20identification%20of%20patients%22%2C%22icon_type%22%3A%22fontawesome5%22%7D%2C%7B%22item_title%22%3A%22Ensuring%20effective%20communication%20between%20employees%22%2C%22icon_type%22%3A%22fontawesome5%22%7D%2C%7B%22item_title%22%3A%22Ensuring%20drug%20safety%22%2C%22icon_type%22%3A%22fontawesome5%22%7D%2C%7B%22item_title%22%3A%22Ensuring%20radiation%20safety%22%2C%22icon_type%22%3A%22fontawesome5%22%7D%2C%7B%22item_title%22%3A%22Reduction%20of%20risks%20from%20falls%22%2C%22icon_type%22%3A%22fontawesome5%22%7D%2C%7B%22item_title%22%3A%22Ensuring%20safe%20surgical%20procedures%22%2C%22icon_type%22%3A%22fontawesome5%22%7D%2C%7B%22item_title%22%3A%22Ensuring%20medical%20device%20safety%22%2C%22icon_type%22%3A%22fontawesome5%22%7D%2C%7B%22item_title%22%3A%22Providing%20patient%20privacy%22%2C%22icon_type%22%3A%22fontawesome5%22%7D%2C%7B%22item_title%22%3A%22Safe%20transfer%20of%20patients%22%2C%22icon_type%22%3A%22fontawesome5%22%7D%2C%7B%22item_title%22%3A%22Safe%20transfer%20of%20patient%20information%20and%20records%20between%20health%20workers%22%2C%22icon_type%22%3A%22fontawesome5%22%7D%2C%7B%22item_title%22%3A%22Ensuring%20information%20security%22%2C%22icon_type%22%3A%22fontawesome5%22%7D%2C%7B%22item_title%22%3A%22Prevention%20of%20infections%22%2C%22icon_type%22%3A%22fontawesome5%22%7D%5D&#8221;][\/vc_column][\/vc_row][vc_row][vc_column][tm_spacer size=&#8221;lg:100&#8243;][\/vc_column][\/vc_row][vc_row][vc_column width=&#8221;1\/2&#8243;][tm_spacer size=&#8221;xs:40;lg:0&#8243;][tm_heading custom_google_font=&#8221;&#8221; text=&#8221;Organization Chart&#8221;][tm_spacer size=&#8221;lg:30&#8243;][tm_image action=&#8221;popup&#8221; image=&#8221;7918&#8243; box_shadow=&#8221;0 0px 30px #ccc&#8221;][\/vc_column][\/vc_row][vc_row][vc_column][tm_spacer size=&#8221;lg:100&#8243;][\/vc_column][\/vc_row]<\/p>\n","protected":false},"author":1,"featured_media":0,"parent":0,"menu_order":0,"comment_status":"closed","ping_status":"closed","template":"","meta":[],"_links":{"self":[{"href":"https:\/\/dentaydin.com\/en\/wp-json\/wp\/v2\/pages\/2431"}],"collection":[{"href":"https:\/\/dentaydin.com\/en\/wp-json\/wp\/v2\/pages"}],"about":[{"href":"https:\/\/dentaydin.com\/en\/wp-json\/wp\/v2\/types\/page"}],"author":[{"embeddable":true,"href":"https:\/\/dentaydin.com\/en\/wp-json\/wp\/v2\/users\/1"}],"replies":[{"embeddable":true,"href":"https:\/\/dentaydin.com\/en\/wp-json\/wp\/v2\/comments?post=2431"}],"version-history":[{"count":15,"href":"https:\/\/dentaydin.com\/en\/wp-json\/wp\/v2\/pages\/2431\/revisions"}],"predecessor-version":[{"id":7939,"href":"https:\/\/dentaydin.com\/en\/wp-json\/wp\/v2\/pages\/2431\/revisions\/7939"}],"wp:attachment":[{"href":"https:\/\/dentaydin.com\/en\/wp-json\/wp\/v2\/media?parent=2431"}],"curies":[{"name":"wp","href":"https:\/\/api.w.org\/{rel}","templated":true}]}}