{"id":2438,"date":"2019-01-03T14:33:53","date_gmt":"2019-01-03T11:33:53","guid":{"rendered":"http:\/\/dentaydin.com\/en\/?page_id=2438"},"modified":"2019-07-04T12:49:47","modified_gmt":"2019-07-04T09:49:47","slug":"oral-and-maxillofacial-surgery","status":"publish","type":"page","link":"https:\/\/dentaydin.com\/en\/departments\/oral-and-maxillofacial-surgery\/","title":{"rendered":"Oral And Maxillofacial Surgery"},"content":{"rendered":"<p>[vc_row][vc_column][tm_spacer size=&#8221;lg:100&#8243;][\/vc_column][\/vc_row][vc_row css_animation=&#8221;none&#8221;][vc_column css_animation=&#8221;slideInLeft&#8221; width=&#8221;1\/2&#8243;][tm_image animation=&#8221;move-up&#8221; image=&#8221;3238&#8243;][\/vc_column][vc_column css_animation=&#8221;slideInRight&#8221; width=&#8221;1\/2&#8243;][tm_spacer size=&#8221;xs:40;lg:120&#8243;][vc_column_text css_animation=&#8221;bottom-to-top&#8221;]<\/p>\n<h3>What is oral and maxillofacial surgery?<\/h3>\n<p style=\"text-align: justify;\">Department of Oral and Maxillofacial Surgery is a department of clinical sciences of Faculty of Dentistry. In this section, it is a field of medical and surgical treatment of aesthetic, functional and phonetic problems caused by congenital and acquired diseases of soft and hard tissues in the mouth, jaw and face areas and infectious, traumatic and all kinds of pathological causes.<\/p>\n<p>[\/vc_column_text][\/vc_column][\/vc_row][vc_row][vc_column][tm_spacer size=&#8221;lg:100&#8243;][\/vc_column][\/vc_row][vc_row css_animation=&#8221;slideInUp&#8221;][vc_column width=&#8221;1\/2&#8243;][tm_image animation=&#8221;move-up&#8221; image=&#8221;3243&#8243;][\/vc_column][vc_column width=&#8221;1\/2&#8243;][tm_spacer size=&#8221;xs:40;lg:70&#8243;][vc_column_text css_animation=&#8221;bottom-to-top&#8221;]<\/p>\n<h3>What kind of treatments does the oral and maxillofacial surgery implement?<\/h3>\n<p style=\"text-align: justify;\">Many subjects related to oral and dental health such as impacted dental extraction, dental extraction, treatment of implant, jaw fracture, detection and treatment of jaw tumor, abscess and cysts, arrangement of tissues prior to prosthesis and orthodontic treatment include maxillofacial surgery. The medical and aesthetic treatment of any kind of hereditary or later pathological source in the jaw, mouth and face is evaluated within the scope of oral and maxillofacial treatment.<\/p>\n<p>[\/vc_column_text][\/vc_column][\/vc_row][vc_row][vc_column][tm_spacer size=&#8221;lg:40&#8243;][\/vc_column][\/vc_row][vc_row css_animation=&#8221;slideInUp&#8221;][vc_column width=&#8221;1\/2&#8243;][tm_list list_style=&#8221;check&#8221; columns=&#8221;xs:1;lg:1&#8243; items=&#8221;%5B%7B%22item_title%22%3A%22Shots%20of%20buried%2C%20complicated%20or%20ploughed%20teeth%22%2C%22icon_type%22%3A%22fontawesome5%22%7D%2C%7B%22item_title%22%3A%22Medical%20and%20surgical%20treatments%20of%20all%20kinds%20of%20infections%20of%20the%20mouth%2C%20jaw%20and%20facial%20region%22%2C%22icon_type%22%3A%22fontawesome5%22%7D%2C%7B%22item_title%22%3A%22Surgical%20treatment%20of%20cystic%20and%20tumoral%20formations%20in%20Jaws%22%2C%22icon_type%22%3A%22fontawesome5%22%7D%2C%7B%22item_title%22%3A%22Treatment%20of%20soft%20tissue%20diseases%20of%20the%20mouth%20region%22%2C%22icon_type%22%3A%22fontawesome5%22%7D%2C%7B%22item_title%22%3A%22Diagnosis%20of%20systemic%20diseases%20that%20cause%20symptoms%20in%20the%20mouth%2C%20jaw%20and%20face%20area%20and%20referral%20to%20medical%20specialties%20related%20to%20medical%20consultations%20where%20necessary%22%2C%22icon_type%22%3A%22fontawesome5%22%7D%2C%7B%22item_title%22%3A%22Treatment%20of%20intra-bone%20lesions%20of%20tooth%20origin%20(apical%20resection)%22%2C%22icon_type%22%3A%22fontawesome5%22%7D%2C%7B%22item_title%22%3A%22Treatment%20of%20fractures%20in%20the%20jaw%20and%20face%20area%22%2C%22icon_type%22%3A%22fontawesome5%22%7D%2C%7B%22item_title%22%3A%22Surgical%20correction%20of%20soft%20tissue%20and%20hard%20tissue%20before%20dental%20prosthesis%20construction%22%2C%22icon_type%22%3A%22fontawesome5%22%7D%2C%7B%22item_title%22%3A%22Dental%20implant%20applications%22%2C%22icon_type%22%3A%22fontawesome5%22%7D%5D&#8221;][\/vc_column][vc_column width=&#8221;1\/2&#8243;][tm_list list_style=&#8221;check&#8221; columns=&#8221;xs:1;lg:1&#8243; items=&#8221;%5B%7B%22item_title%22%3A%22Medical%20and%20surgical%20treatments%20of%20jaw%2C%20facial%20pain%20and%20diseases%22%2C%22icon_type%22%3A%22fontawesome5%22%7D%2C%7B%22item_title%22%3A%22Treatment%20of%20cleft%20lip%20and%20palate%22%2C%22icon_type%22%3A%22fontawesome5%22%7D%2C%7B%22item_title%22%3A%22Medical%20and%20surgical%20treatments%20of%20salivary%20gland%20diseases%22%2C%22icon_type%22%3A%22fontawesome5%22%7D%2C%7B%22item_title%22%3A%22Maxillary%20sinus%20pathologies%20and%20treatments%22%2C%22icon_type%22%3A%22fontawesome5%22%7D%2C%7B%22item_title%22%3A%22Surgical%20correction%20of%20deformities%20that%20cause%20aesthetic%20and%20functional%20disorders%20in%20the%20mouth%2C%20jaw%20and%20face%20area%20(orthognathic%20surgery)%22%2C%22icon_type%22%3A%22fontawesome5%22%7D%2C%7B%22item_title%22%3A%22Treatment%20of%20bone%20necrosis%20in%20Jaws%20due%20to%20drugs%20and%20radiotherapy%20applied%20within%20the%20scope%20of%20cancer%20treatment%22%2C%22icon_type%22%3A%22fontawesome5%22%7D%2C%7B%22item_title%22%3A%22Surgical%20correction%20of%20hard%20tissue%20and%20soft%20tissue%20deficiencies%20for%20Dental%20implant%20applications%22%2C%22icon_type%22%3A%22fontawesome5%22%7D%5D&#8221;][\/vc_column][\/vc_row][vc_row][vc_column][tm_spacer size=&#8221;lg:100&#8243;][\/vc_column][\/vc_row][vc_row css_animation=&#8221;slideInUp&#8221;][vc_column width=&#8221;1\/2&#8243;][tm_image animation=&#8221;move-up&#8221; image=&#8221;3242&#8243;][\/vc_column][vc_column width=&#8221;1\/2&#8243;][tm_spacer size=&#8221;xs:40;lg:140&#8243;][vc_column_text css_animation=&#8221;bottom-to-top&#8221;]<\/p>\n<h3>What is an implant?<\/h3>\n<p style=\"text-align: justify;\">\u0130mplant veya dental implant; \u00e7ene kemikleri i\u00e7erisine yerle\u015ftirilen ve kemi\u011fin bu implant \u00e7evresinde iyile\u015ferek kendisinden bir par\u00e7a olarak kabul etmesi ama\u00e7lanan, titanyumdan imal edilmi\u015f vida veya k\u00f6k formunda yap\u0131lard\u0131r.<\/p>\n<p>[\/vc_column_text][\/vc_column][\/vc_row][vc_row][vc_column][tm_spacer size=&#8221;lg:100&#8243;][\/vc_column][\/vc_row][vc_row css_animation=&#8221;slideInUp&#8221;][vc_column width=&#8221;1\/2&#8243;][tm_image animation=&#8221;move-up&#8221; image=&#8221;3239&#8243;][\/vc_column][vc_column width=&#8221;1\/2&#8243;][tm_spacer size=&#8221;xs:40;lg:30&#8243;][vc_column_text css_animation=&#8221;bottom-to-top&#8221;]<\/p>\n<h3 class=\"featured__title text-colorone\">How is the implant treatment implemented?<\/h3>\n<p style=\"text-align: justify;\">Since implant placement is a surgical procedure, the quality of the materials that are used, sterilization and hygiene are the most important criteria. One week is sufficient for implant treatment. In addition, self-dissolving stitches can be treated in one day, but temporary prosthesis is not possible. The first stage of your treatment is implant treatment, and in the second stage, the implant is expected to knit to your bone between 3-6 months and then the porcelain will be placed on the implant within a week. The construction time of a single implant is approximately 10-15 minutes.The time elapsed after the start of an implant is only 3-4 minutes. During this period, the patient certainly does not feel pain due to anesthesia. After 2-3 hours drowsiness goes off, taking a painkiller may be required in first two days.<\/p>\n<p>[\/vc_column_text][\/vc_column][\/vc_row][vc_row][vc_column][tm_spacer size=&#8221;lg:100&#8243;][\/vc_column][\/vc_row][vc_row css_animation=&#8221;slideInUp&#8221;][vc_column width=&#8221;1\/2&#8243;][tm_image animation=&#8221;move-up&#8221; image=&#8221;6210&#8243;][\/vc_column][vc_column width=&#8221;1\/2&#8243;][tm_spacer size=&#8221;xs:40;lg:140&#8243;][vc_column_text css_animation=&#8221;bottom-to-top&#8221;]<\/p>\n<h3 class=\"featured__title text-colorone\">What is tooth extraction?<\/h3>\n<p style=\"text-align: justify;\">Today, thanks to the development of science and technology and their contribution to dentistry, the treatment of the teeth and keeping them in the mouth is primarily aimed. Tooth extraction is the process of removing the tooth from the socket called the socket in the bone.<\/p>\n<p>[\/vc_column_text][\/vc_column][\/vc_row][vc_row][vc_column][tm_spacer size=&#8221;lg:100&#8243;][\/vc_column][\/vc_row][vc_row css_animation=&#8221;slideInUp&#8221;][vc_column width=&#8221;1\/2&#8243;][tm_image animation=&#8221;move-up&#8221; image=&#8221;3241&#8243;][\/vc_column][vc_column width=&#8221;1\/2&#8243;][tm_spacer size=&#8221;xs:40;lg:100&#8243;][vc_column_text css_animation=&#8221;bottom-to-top&#8221;]<\/p>\n<h3 class=\"featured__title text-colorone\">What is impected tooth extraction?<\/h3>\n<p style=\"text-align: justify;\">The reason why impacted wisdom teeth is a problem is that genetically this tooth is not needed and our jaws are shrinking. As our jaws shrink, wisdom teeth are forced to find a place for themselves and therefore cannot grow like other teeth. The wisdom teeth, which cannot find their place, push the frontal teeth and this causes crooked teeth. They are also easily inflamed because they are too far behind and they do not have a normal anatomical structure.<\/p>\n<p>[\/vc_column_text][\/vc_column][\/vc_row][vc_row][vc_column][tm_spacer size=&#8221;lg:100&#8243;][\/vc_column][\/vc_row][vc_row full_width=&#8221;stretch_row&#8221; content_placement=&#8221;bottom&#8221; css_animation=&#8221;slideInUp&#8221; overlay_background=&#8221;custom&#8221; overlay_custom_background=&#8221;#ffffff&#8221; overlay_opacity=&#8221;75&#8243; background_image=&#8221;2798&#8243;][vc_column width=&#8221;1\/2&#8243;][tm_image xs_align=&#8221;center&#8221; image=&#8221;4312&#8243;][\/vc_column][vc_column width=&#8221;1\/2&#8243;][tm_spacer size=&#8221;xs:40;sm:120;lg:60&#8243;][tm_heading custom_google_font=&#8221;&#8221; xs_align=&#8221;center&#8221; text=&#8221;Free Consultancy&#8221; font_size=&#8221;lg:36&#8243;][tm_spacer size=&#8221;lg:20&#8243;][tm_heading tag=&#8221;div&#8221; custom_google_font=&#8221;&#8221; xs_align=&#8221;center&#8221; text=&#8221;If you have a question, you can call our team as you wish.<br \/>\nIf you want, please give us your number, we will call you.&#8221; font_size=&#8221;lg:16&#8243;][tm_spacer size=&#8221;lg:35&#8243;][vc_row_inner content_placement=&#8221;middle&#8221;][vc_column_inner width=&#8221;1\/2&#8243; offset=&#8221;vc_col-lg-4&#8243;][tm_button icon_align=&#8221;left&#8221; xs_align=&#8221;center&#8221; animation=&#8221;move-up&#8221; icon_type=&#8221;ion&#8221; icon_ion=&#8221;ion-ios-telephone-outline&#8221; button=&#8221;url:http%3A%2F%2Fdentaydin.com%2Fen%2Fonline-inspection%2F|title:Let%20Us%20Call%20You||&#8221;][tm_spacer size=&#8221;xs:20&#8243;][\/vc_column_inner][vc_column_inner width=&#8221;1\/2&#8243; offset=&#8221;vc_col-lg-8&#8243;][tm_button style=&#8221;outline&#8221; icon_align=&#8221;left&#8221; xs_align=&#8221;center&#8221; animation=&#8221;move-up&#8221; icon_type=&#8221;ion&#8221; icon_ion=&#8221;ion-ios-telephone&#8221; button=&#8221;url:tel%3A902124113000|title:Call%20Us|target:%20_blank|&#8221;][tm_spacer size=&#8221;xs:20&#8243;][\/vc_column_inner][\/vc_row_inner][tm_spacer size=&#8221;xs:40;sm:120;lg:60&#8243;][\/vc_column][\/vc_row]<\/p>\n","protected":false},"excerpt":{"rendered":"<p>[vc_row][vc_column][tm_spacer size=&#8221;lg:100&#8243;][\/vc_column][\/vc_row][vc_row css_animation=&#8221;none&#8221;][vc_column css_animation=&#8221;slideInLeft&#8221; width=&#8221;1\/2&#8243;][tm_image animation=&#8221;move-up&#8221; image=&#8221;3238&#8243;][\/vc_column][vc_column css_animation=&#8221;slideInRight&#8221; width=&#8221;1\/2&#8243;][tm_spacer size=&#8221;xs:40;lg:120&#8243;][vc_column_text css_animation=&#8221;bottom-to-top&#8221;] What is oral and maxillofacial surgery? Department of Oral and Maxillofacial Surgery is a department of clinical sciences of Faculty of Dentistry. In this section, it is a field of medical and surgical treatment of aesthetic, functional and phonetic problems caused by congenital and acquired diseases of soft and hard tissues in the mouth, jaw and face areas and infectious, traumatic and all kinds of pathological causes. [\/vc_column_text][\/vc_column][\/vc_row][vc_row][vc_column][tm_spacer size=&#8221;lg:100&#8243;][\/vc_column][\/vc_row][vc_row css_animation=&#8221;slideInUp&#8221;][vc_column width=&#8221;1\/2&#8243;][tm_image animation=&#8221;move-up&#8221; image=&#8221;3243&#8243;][\/vc_column][vc_column width=&#8221;1\/2&#8243;][tm_spacer size=&#8221;xs:40;lg:70&#8243;][vc_column_text css_animation=&#8221;bottom-to-top&#8221;] What kind of treatments does the oral and maxillofacial surgery implement? Many subjects related to oral and dental health such as impacted dental extraction, dental extraction, treatment of implant, jaw fracture, detection and treatment of jaw tumor, abscess and cysts, arrangement of tissues prior to prosthesis and orthodontic treatment include maxillofacial surgery. The medical and aesthetic treatment of any kind of hereditary or later pathological source in the jaw, mouth and face is evaluated within the scope of oral and maxillofacial treatment. [\/vc_column_text][\/vc_column][\/vc_row][vc_row][vc_column][tm_spacer size=&#8221;lg:40&#8243;][\/vc_column][\/vc_row][vc_row css_animation=&#8221;slideInUp&#8221;][vc_column width=&#8221;1\/2&#8243;][tm_list list_style=&#8221;check&#8221; columns=&#8221;xs:1;lg:1&#8243; items=&#8221;%5B%7B%22item_title%22%3A%22Shots%20of%20buried%2C%20complicated%20or%20ploughed%20teeth%22%2C%22icon_type%22%3A%22fontawesome5%22%7D%2C%7B%22item_title%22%3A%22Medical%20and%20surgical%20treatments%20of%20all%20kinds%20of%20infections%20of%20the%20mouth%2C%20jaw%20and%20facial%20region%22%2C%22icon_type%22%3A%22fontawesome5%22%7D%2C%7B%22item_title%22%3A%22Surgical%20treatment%20of%20cystic%20and%20tumoral%20formations%20in%20Jaws%22%2C%22icon_type%22%3A%22fontawesome5%22%7D%2C%7B%22item_title%22%3A%22Treatment%20of%20soft%20tissue%20diseases%20of%20the%20mouth%20region%22%2C%22icon_type%22%3A%22fontawesome5%22%7D%2C%7B%22item_title%22%3A%22Diagnosis%20of%20systemic%20diseases%20that%20cause%20symptoms%20in%20the%20mouth%2C%20jaw%20and%20face%20area%20and%20referral%20to%20medical%20specialties%20related%20to%20medical%20consultations%20where%20necessary%22%2C%22icon_type%22%3A%22fontawesome5%22%7D%2C%7B%22item_title%22%3A%22Treatment%20of%20intra-bone%20lesions%20of%20tooth%20origin%20(apical%20resection)%22%2C%22icon_type%22%3A%22fontawesome5%22%7D%2C%7B%22item_title%22%3A%22Treatment%20of%20fractures%20in%20the%20jaw%20and%20face%20area%22%2C%22icon_type%22%3A%22fontawesome5%22%7D%2C%7B%22item_title%22%3A%22Surgical%20correction%20of%20soft%20tissue%20and%20hard%20tissue%20before%20dental%20prosthesis%20construction%22%2C%22icon_type%22%3A%22fontawesome5%22%7D%2C%7B%22item_title%22%3A%22Dental%20implant%20applications%22%2C%22icon_type%22%3A%22fontawesome5%22%7D%5D&#8221;][\/vc_column][vc_column width=&#8221;1\/2&#8243;][tm_list list_style=&#8221;check&#8221; columns=&#8221;xs:1;lg:1&#8243; items=&#8221;%5B%7B%22item_title%22%3A%22Medical%20and%20surgical%20treatments%20of%20jaw%2C%20facial%20pain%20and%20diseases%22%2C%22icon_type%22%3A%22fontawesome5%22%7D%2C%7B%22item_title%22%3A%22Treatment%20of%20cleft%20lip%20and%20palate%22%2C%22icon_type%22%3A%22fontawesome5%22%7D%2C%7B%22item_title%22%3A%22Medical%20and%20surgical%20treatments%20of%20salivary%20gland%20diseases%22%2C%22icon_type%22%3A%22fontawesome5%22%7D%2C%7B%22item_title%22%3A%22Maxillary%20sinus%20pathologies%20and%20treatments%22%2C%22icon_type%22%3A%22fontawesome5%22%7D%2C%7B%22item_title%22%3A%22Surgical%20correction%20of%20deformities%20that%20cause%20aesthetic%20and%20functional%20disorders%20in%20the%20mouth%2C%20jaw%20and%20face%20area%20(orthognathic%20surgery)%22%2C%22icon_type%22%3A%22fontawesome5%22%7D%2C%7B%22item_title%22%3A%22Treatment%20of%20bone%20necrosis%20in%20Jaws%20due%20to%20drugs%20and%20radiotherapy%20applied%20within%20the%20scope%20of%20cancer%20treatment%22%2C%22icon_type%22%3A%22fontawesome5%22%7D%2C%7B%22item_title%22%3A%22Surgical%20correction%20of%20hard%20tissue%20and%20soft%20tissue%20deficiencies%20for%20Dental%20implant%20applications%22%2C%22icon_type%22%3A%22fontawesome5%22%7D%5D&#8221;][\/vc_column][\/vc_row][vc_row][vc_column][tm_spacer size=&#8221;lg:100&#8243;][\/vc_column][\/vc_row][vc_row css_animation=&#8221;slideInUp&#8221;][vc_column width=&#8221;1\/2&#8243;][tm_image animation=&#8221;move-up&#8221; image=&#8221;3242&#8243;][\/vc_column][vc_column width=&#8221;1\/2&#8243;][tm_spacer size=&#8221;xs:40;lg:140&#8243;][vc_column_text css_animation=&#8221;bottom-to-top&#8221;] What is an implant? \u0130mplant veya dental implant; \u00e7ene kemikleri i\u00e7erisine yerle\u015ftirilen ve kemi\u011fin bu implant \u00e7evresinde iyile\u015ferek kendisinden bir par\u00e7a olarak kabul etmesi ama\u00e7lanan, titanyumdan imal edilmi\u015f vida veya k\u00f6k formunda yap\u0131lard\u0131r. [\/vc_column_text][\/vc_column][\/vc_row][vc_row][vc_column][tm_spacer size=&#8221;lg:100&#8243;][\/vc_column][\/vc_row][vc_row css_animation=&#8221;slideInUp&#8221;][vc_column width=&#8221;1\/2&#8243;][tm_image animation=&#8221;move-up&#8221; image=&#8221;3239&#8243;][\/vc_column][vc_column width=&#8221;1\/2&#8243;][tm_spacer size=&#8221;xs:40;lg:30&#8243;][vc_column_text css_animation=&#8221;bottom-to-top&#8221;] How is the implant treatment implemented? Since implant placement is a surgical procedure, the quality of the materials that are used, sterilization and hygiene are the most important criteria. One week is sufficient for implant treatment. In addition, self-dissolving stitches can be treated in one day, but temporary prosthesis is not possible. The first stage of your treatment is implant treatment, and in the second stage, the implant is expected to knit to your bone between 3-6 months and then the porcelain will be placed on the implant within a week. The construction time of a single implant is approximately 10-15 minutes.The time elapsed after the start of an implant is only 3-4 minutes. During this period, the patient certainly does not feel pain due to anesthesia. After 2-3 hours drowsiness goes off, taking a painkiller may be required in first two days. [\/vc_column_text][\/vc_column][\/vc_row][vc_row][vc_column][tm_spacer size=&#8221;lg:100&#8243;][\/vc_column][\/vc_row][vc_row css_animation=&#8221;slideInUp&#8221;][vc_column width=&#8221;1\/2&#8243;][tm_image animation=&#8221;move-up&#8221; image=&#8221;6210&#8243;][\/vc_column][vc_column width=&#8221;1\/2&#8243;][tm_spacer size=&#8221;xs:40;lg:140&#8243;][vc_column_text css_animation=&#8221;bottom-to-top&#8221;] What is tooth extraction? Today, thanks to the development of science and technology and their contribution to dentistry, the treatment of the teeth and keeping them in the mouth is primarily aimed. Tooth extraction is the process of removing the tooth from the socket called the socket in the bone. [\/vc_column_text][\/vc_column][\/vc_row][vc_row][vc_column][tm_spacer size=&#8221;lg:100&#8243;][\/vc_column][\/vc_row][vc_row css_animation=&#8221;slideInUp&#8221;][vc_column width=&#8221;1\/2&#8243;][tm_image animation=&#8221;move-up&#8221; image=&#8221;3241&#8243;][\/vc_column][vc_column width=&#8221;1\/2&#8243;][tm_spacer size=&#8221;xs:40;lg:100&#8243;][vc_column_text css_animation=&#8221;bottom-to-top&#8221;] What is impected tooth extraction? The reason why impacted wisdom teeth is a problem is that genetically this tooth is not needed and our jaws are shrinking. As our jaws shrink, wisdom teeth are forced to find a place for themselves and therefore cannot grow like other teeth. The wisdom teeth, which cannot find their place, push the frontal teeth and this causes crooked teeth. They are also easily inflamed because they are too far behind and they do not have a normal anatomical structure. [\/vc_column_text][\/vc_column][\/vc_row][vc_row][vc_column][tm_spacer size=&#8221;lg:100&#8243;][\/vc_column][\/vc_row][vc_row full_width=&#8221;stretch_row&#8221; content_placement=&#8221;bottom&#8221; css_animation=&#8221;slideInUp&#8221; overlay_background=&#8221;custom&#8221; overlay_custom_background=&#8221;#ffffff&#8221; overlay_opacity=&#8221;75&#8243; background_image=&#8221;2798&#8243;][vc_column width=&#8221;1\/2&#8243;][tm_image xs_align=&#8221;center&#8221; image=&#8221;4312&#8243;][\/vc_column][vc_column width=&#8221;1\/2&#8243;][tm_spacer size=&#8221;xs:40;sm:120;lg:60&#8243;][tm_heading custom_google_font=&#8221;&#8221; xs_align=&#8221;center&#8221; text=&#8221;Free Consultancy&#8221; font_size=&#8221;lg:36&#8243;][tm_spacer size=&#8221;lg:20&#8243;][tm_heading tag=&#8221;div&#8221; custom_google_font=&#8221;&#8221; xs_align=&#8221;center&#8221; text=&#8221;If you have a question, you can call our team as you wish. If you want, please give us your number, we will call you.&#8221; font_size=&#8221;lg:16&#8243;][tm_spacer size=&#8221;lg:35&#8243;][vc_row_inner content_placement=&#8221;middle&#8221;][vc_column_inner width=&#8221;1\/2&#8243; offset=&#8221;vc_col-lg-4&#8243;][tm_button icon_align=&#8221;left&#8221; xs_align=&#8221;center&#8221; animation=&#8221;move-up&#8221; icon_type=&#8221;ion&#8221; icon_ion=&#8221;ion-ios-telephone-outline&#8221; button=&#8221;url:http%3A%2F%2Fdentaydin.com%2Fen%2Fonline-inspection%2F|title:Let%20Us%20Call%20You||&#8221;][tm_spacer size=&#8221;xs:20&#8243;][\/vc_column_inner][vc_column_inner width=&#8221;1\/2&#8243; offset=&#8221;vc_col-lg-8&#8243;][tm_button style=&#8221;outline&#8221; icon_align=&#8221;left&#8221; xs_align=&#8221;center&#8221; animation=&#8221;move-up&#8221; icon_type=&#8221;ion&#8221; icon_ion=&#8221;ion-ios-telephone&#8221; button=&#8221;url:tel%3A902124113000|title:Call%20Us|target:%20_blank|&#8221;][tm_spacer size=&#8221;xs:20&#8243;][\/vc_column_inner][\/vc_row_inner][tm_spacer size=&#8221;xs:40;sm:120;lg:60&#8243;][\/vc_column][\/vc_row]<\/p>\n","protected":false},"author":1,"featured_media":0,"parent":3923,"menu_order":0,"comment_status":"closed","ping_status":"closed","template":"","meta":[],"_links":{"self":[{"href":"https:\/\/dentaydin.com\/en\/wp-json\/wp\/v2\/pages\/2438"}],"collection":[{"href":"https:\/\/dentaydin.com\/en\/wp-json\/wp\/v2\/pages"}],"about":[{"href":"https:\/\/dentaydin.com\/en\/wp-json\/wp\/v2\/types\/page"}],"author":[{"embeddable":true,"href":"https:\/\/dentaydin.com\/en\/wp-json\/wp\/v2\/users\/1"}],"replies":[{"embeddable":true,"href":"https:\/\/dentaydin.com\/en\/wp-json\/wp\/v2\/comments?post=2438"}],"version-history":[{"count":0,"href":"https:\/\/dentaydin.com\/en\/wp-json\/wp\/v2\/pages\/2438\/revisions"}],"up":[{"embeddable":true,"href":"https:\/\/dentaydin.com\/en\/wp-json\/wp\/v2\/pages\/3923"}],"wp:attachment":[{"href":"https:\/\/dentaydin.com\/en\/wp-json\/wp\/v2\/media?parent=2438"}],"curies":[{"name":"wp","href":"https:\/\/api.w.org\/{rel}","templated":true}]}}