{"id":2456,"date":"2019-01-03T14:34:43","date_gmt":"2019-01-03T11:34:43","guid":{"rendered":"http:\/\/dentaydin.com\/en\/?page_id=2456"},"modified":"2023-01-03T16:22:01","modified_gmt":"2023-01-03T13:22:01","slug":"buyukcekmece-campus","status":"publish","type":"page","link":"https:\/\/dentaydin.com\/en\/contact-us\/buyukcekmece-campus\/","title":{"rendered":"B\u00fcy\u00fck\u00e7ekmece Campus"},"content":{"rendered":"<p>[vc_row][vc_column][tm_spacer size=&#8221;lg:80&#8243;][\/vc_column][\/vc_row][vc_row lg_spacing=&#8221;padding_bottom:60&#8243;][vc_column][vc_row_inner][vc_column_inner offset=&#8221;vc_col-lg-4&#8243;][tm_spacer size=&#8221;lg:40&#8243;][tm_box_icon style=&#8221;3&#8243; icon_type=&#8221;fontawesome5&#8243; icon_fontawesome5=&#8221;far fa-map-marked-alt&#8221; custom_border_color=&#8221;#d4d2d2&#8243; border_style=&#8221;dashed&#8221; heading=&#8221;B\u00fcy\u00fck\u00e7ekmece Address&#8221; button=&#8221;|||&#8221; lg_spacing=&#8221;border_bottom:1&#8243; link=&#8221;url:http%3A%2F%2Fdentaydin.com%2Fen%2Fcontact-us%2Fbuyukcekmece-campus%2F%23harita|||&#8221; text=&#8221;Fatih Mah. R\u0131za K\u00fc\u00e7\u00fcko\u011flupa\u015fa Cad. No: 34 B\u00fcy\u00fck\u00e7ekmece \/ \u0130STANBUL&#8221;][tm_box_icon style=&#8221;3&#8243; icon_type=&#8221;fontawesome5&#8243; icon_fontawesome5=&#8221;far fa-headphones-alt&#8221; custom_border_color=&#8221;#d4d2d2&#8243; border_style=&#8221;dashed&#8221; heading=&#8221;Call Center&#8221; button=&#8221;|||&#8221; lg_spacing=&#8221;margin_top:-20;border_bottom:1&#8243; link=&#8221;url:tel%3A444%208%20347||target:%20_blank|&#8221; href=&#8221;&#8220;tel:44483470&#8243; target=&#8221;&#8220;_blank&#8220;&#8221; text=&#8221;444 8 347<br \/>\n&#8220;][tm_box_icon style=&#8221;3&#8243; icon_type=&#8221;ion&#8221; icon_ion=&#8221;ion-social-whatsapp-outline&#8221; custom_border_color=&#8221;#d4d2d2&#8243; border_style=&#8221;dashed&#8221; heading=&#8221;Whatsapp Hotline&#8221; button=&#8221;|||&#8221; lg_spacing=&#8221;margin_top:-20;border_bottom:1&#8243; link=&#8221;url:https%3A%2F%2Fapi.whatsapp.com%2Fsend%3Fphone%3D905307213293||target:%20_blank|&#8221; text=&#8221;0530 721 32 93&#8243;][tm_box_icon style=&#8221;3&#8243; icon_type=&#8221;ion&#8221; icon_ion=&#8221;ion-at&#8221; custom_border_color=&#8221;#d4d2d2&#8243; border_style=&#8221;dashed&#8221; heading=&#8221;E-Mail Address&#8221; button=&#8221;|||&#8221; lg_spacing=&#8221;margin_top:-20&#8243; link=&#8221;url:mailto%3Ailetisim%40dentaydin.com||target:%20_blank|&#8221; text=&#8221;iletisim@dentaydin.com&#8221;][\/vc_column_inner][vc_column_inner offset=&#8221;vc_col-lg-8&#8243;][tm_image action=&#8221;custom_link&#8221; image=&#8221;3594&#8243; custom_link=&#8221;url:%23|title:Sanal%20Tur||&#8221;][tm_button style=&#8221;modern&#8221; full_wide=&#8221;1&#8243; icon_type=&#8221;fontawesome5&#8243; icon_fontawesome5=&#8221;fal fa-street-view&#8221; button=&#8221;url:%23|title:360%20Virtual%20Tour||&#8221;][\/vc_column_inner][\/vc_row_inner][vc_separator style=&#8221;shadow&#8221; el_id=&#8221;harita&#8221;][\/vc_column][\/vc_row][vc_row][vc_column width=&#8221;1\/2&#8243;][vc_column_text]<iframe loading=\"lazy\" style=\"border: 0;\" src=\"https:\/\/www.google.com\/maps\/embed?pb=!1m18!1m12!1m3!1d3010.198203114151!2d28.580112951647845!3d41.02091947919783!2m3!1f0!2f0!3f0!3m2!1i1024!2i768!4f13.1!3m3!1m2!1s0x14b55e78f8af8b5d%3A0x98ad1ba50fa12c2b!2sDentayd%C4%B1n+Di%C5%9F+Hastanesi!5e0!3m2!1str!2str!4v1546934759993\" width=\"100%\" height=\"700px\" frameborder=\"0\" allowfullscreen=\"allowfullscreen\"><\/iframe>[\/vc_column_text][\/vc_column][vc_column width=&#8221;1\/2&#8243;][tm_spacer size=&#8221;xs:40&#8243;][vc_column_text]<\/p>\n<h3>Write to Us<\/h3>\n<p>We look forward to your feedback on a number of issues, such as your concerns, suggestions, complaints, etc.[\/vc_column_text][tm_spacer size=&#8221;lg:40&#8243;][tm_contact_form_7 id=&#8221;2939&#8243;][\/vc_column][\/vc_row][vc_row][vc_column][tm_spacer size=&#8221;lg:80&#8243;][\/vc_column][\/vc_row][vc_row lg_spacing=&#8221;padding_bottom:60&#8243;][vc_column][tm_heading custom_google_font=&#8221;&#8221; align=&#8221;center&#8221; text=&#8221;Check out our B\u00fcy\u00fck\u00e7ekmece campus in detail&#8221; font_size=&#8221;lg:36&#8243;][tm_spacer size=&#8221;lg:20&#8243;][tm_heading tag=&#8221;div&#8221; custom_google_font=&#8221;&#8221; align=&#8221;center&#8221; text=&#8221;B\u00fcy\u00fck\u00e7ekmece campus photos can be viewed&#8221; font_size=&#8221;lg:18&#8243; max_width=&#8221;1200px&#8221;][tm_spacer size=&#8221;lg:100&#8243;][tm_gallery hover_style=&#8221;simple&#8221; image_size=&#8221;370&#215;250&#8243; gutter=&#8221;30&#8243; row_gutter=&#8221;30&#8243; images=&#8221;3596,3597,3598,3599,3600,3601,3602,3603,3604,3605,3606,3607,3608,3609,3610,3611&#8243; columns=&#8221;xs:2;sm:2;lg:4&#8243;][\/vc_column][\/vc_row]<\/p>\n","protected":false},"excerpt":{"rendered":"<p>[vc_row][vc_column][tm_spacer size=&#8221;lg:80&#8243;][\/vc_column][\/vc_row][vc_row lg_spacing=&#8221;padding_bottom:60&#8243;][vc_column][vc_row_inner][vc_column_inner offset=&#8221;vc_col-lg-4&#8243;][tm_spacer size=&#8221;lg:40&#8243;][tm_box_icon style=&#8221;3&#8243; icon_type=&#8221;fontawesome5&#8243; icon_fontawesome5=&#8221;far fa-map-marked-alt&#8221; custom_border_color=&#8221;#d4d2d2&#8243; border_style=&#8221;dashed&#8221; heading=&#8221;B\u00fcy\u00fck\u00e7ekmece Address&#8221; button=&#8221;|||&#8221; lg_spacing=&#8221;border_bottom:1&#8243; link=&#8221;url:http%3A%2F%2Fdentaydin.com%2Fen%2Fcontact-us%2Fbuyukcekmece-campus%2F%23harita|||&#8221; text=&#8221;Fatih Mah. R\u0131za K\u00fc\u00e7\u00fcko\u011flupa\u015fa Cad. No: 34 B\u00fcy\u00fck\u00e7ekmece \/ \u0130STANBUL&#8221;][tm_box_icon style=&#8221;3&#8243; icon_type=&#8221;fontawesome5&#8243; icon_fontawesome5=&#8221;far fa-headphones-alt&#8221; custom_border_color=&#8221;#d4d2d2&#8243; border_style=&#8221;dashed&#8221; heading=&#8221;Call Center&#8221; button=&#8221;|||&#8221; lg_spacing=&#8221;margin_top:-20;border_bottom:1&#8243; link=&#8221;url:tel%3A444%208%20347||target:%20_blank|&#8221; href=&#8221;&#8220;tel:44483470&#8243; target=&#8221;&#8220;_blank&#8220;&#8221; text=&#8221;444 8 347 &#8220;][tm_box_icon style=&#8221;3&#8243; icon_type=&#8221;ion&#8221; icon_ion=&#8221;ion-social-whatsapp-outline&#8221; custom_border_color=&#8221;#d4d2d2&#8243; border_style=&#8221;dashed&#8221; heading=&#8221;Whatsapp Hotline&#8221; button=&#8221;|||&#8221; lg_spacing=&#8221;margin_top:-20;border_bottom:1&#8243; link=&#8221;url:https%3A%2F%2Fapi.whatsapp.com%2Fsend%3Fphone%3D905307213293||target:%20_blank|&#8221; text=&#8221;0530 721 32 93&#8243;][tm_box_icon style=&#8221;3&#8243; icon_type=&#8221;ion&#8221; icon_ion=&#8221;ion-at&#8221; custom_border_color=&#8221;#d4d2d2&#8243; border_style=&#8221;dashed&#8221; heading=&#8221;E-Mail Address&#8221; button=&#8221;|||&#8221; lg_spacing=&#8221;margin_top:-20&#8243; link=&#8221;url:mailto%3Ailetisim%40dentaydin.com||target:%20_blank|&#8221; text=&#8221;iletisim@dentaydin.com&#8221;][\/vc_column_inner][vc_column_inner offset=&#8221;vc_col-lg-8&#8243;][tm_image action=&#8221;custom_link&#8221; image=&#8221;3594&#8243; custom_link=&#8221;url:%23|title:Sanal%20Tur||&#8221;][tm_button style=&#8221;modern&#8221; full_wide=&#8221;1&#8243; icon_type=&#8221;fontawesome5&#8243; icon_fontawesome5=&#8221;fal fa-street-view&#8221; button=&#8221;url:%23|title:360%20Virtual%20Tour||&#8221;][\/vc_column_inner][\/vc_row_inner][vc_separator style=&#8221;shadow&#8221; el_id=&#8221;harita&#8221;][\/vc_column][\/vc_row][vc_row][vc_column width=&#8221;1\/2&#8243;][vc_column_text][\/vc_column_text][\/vc_column][vc_column width=&#8221;1\/2&#8243;][tm_spacer size=&#8221;xs:40&#8243;][vc_column_text] Write to Us We look forward to your feedback on a number of issues, such as your concerns, suggestions, complaints, etc.[\/vc_column_text][tm_spacer size=&#8221;lg:40&#8243;][tm_contact_form_7 id=&#8221;2939&#8243;][\/vc_column][\/vc_row][vc_row][vc_column][tm_spacer size=&#8221;lg:80&#8243;][\/vc_column][\/vc_row][vc_row lg_spacing=&#8221;padding_bottom:60&#8243;][vc_column][tm_heading custom_google_font=&#8221;&#8221; align=&#8221;center&#8221; text=&#8221;Check out our B\u00fcy\u00fck\u00e7ekmece campus in detail&#8221; font_size=&#8221;lg:36&#8243;][tm_spacer size=&#8221;lg:20&#8243;][tm_heading tag=&#8221;div&#8221; custom_google_font=&#8221;&#8221; align=&#8221;center&#8221; text=&#8221;B\u00fcy\u00fck\u00e7ekmece campus photos can be viewed&#8221; font_size=&#8221;lg:18&#8243; max_width=&#8221;1200px&#8221;][tm_spacer size=&#8221;lg:100&#8243;][tm_gallery hover_style=&#8221;simple&#8221; image_size=&#8221;370&#215;250&#8243; gutter=&#8221;30&#8243; row_gutter=&#8221;30&#8243; images=&#8221;3596,3597,3598,3599,3600,3601,3602,3603,3604,3605,3606,3607,3608,3609,3610,3611&#8243; columns=&#8221;xs:2;sm:2;lg:4&#8243;][\/vc_column][\/vc_row]<\/p>\n","protected":false},"author":1,"featured_media":0,"parent":560,"menu_order":0,"comment_status":"closed","ping_status":"closed","template":"","meta":[],"_links":{"self":[{"href":"https:\/\/dentaydin.com\/en\/wp-json\/wp\/v2\/pages\/2456"}],"collection":[{"href":"https:\/\/dentaydin.com\/en\/wp-json\/wp\/v2\/pages"}],"about":[{"href":"https:\/\/dentaydin.com\/en\/wp-json\/wp\/v2\/types\/page"}],"author":[{"embeddable":true,"href":"https:\/\/dentaydin.com\/en\/wp-json\/wp\/v2\/users\/1"}],"replies":[{"embeddable":true,"href":"https:\/\/dentaydin.com\/en\/wp-json\/wp\/v2\/comments?post=2456"}],"version-history":[{"count":3,"href":"https:\/\/dentaydin.com\/en\/wp-json\/wp\/v2\/pages\/2456\/revisions"}],"predecessor-version":[{"id":7184,"href":"https:\/\/dentaydin.com\/en\/wp-json\/wp\/v2\/pages\/2456\/revisions\/7184"}],"up":[{"embeddable":true,"href":"https:\/\/dentaydin.com\/en\/wp-json\/wp\/v2\/pages\/560"}],"wp:attachment":[{"href":"https:\/\/dentaydin.com\/en\/wp-json\/wp\/v2\/media?parent=2456"}],"curies":[{"name":"wp","href":"https:\/\/api.w.org\/{rel}","templated":true}]}}