{"id":3370,"date":"2019-01-07T14:22:37","date_gmt":"2019-01-07T11:22:37","guid":{"rendered":"http:\/\/dentaydin.com\/en\/?page_id=3370"},"modified":"2019-07-01T17:09:40","modified_gmt":"2019-07-01T14:09:40","slug":"hasta-hak-ve-sorumluluklari","status":"publish","type":"page","link":"https:\/\/dentaydin.com\/en\/hasta-hak-ve-sorumluluklari\/","title":{"rendered":"Patient Rights and Responsibilities"},"content":{"rendered":"<p>[vc_row][vc_column width=&#8221;1\/2&#8243;][vc_column_text]<\/p>\n<h3>Hasta Haklar\u0131<\/h3>\n<p><strong>Hizmetlerden e\u015fitlik i\u00e7inde yararlanma hakk\u0131:<br \/>\n<\/strong>Merkezimize ba\u015fvuran her birey \u201ckoruyucu ve tedavi edici sa\u011fl\u0131k hizmeti\u201d alma hakk\u0131 \u0131rk, dil, din, cinsiyet ve siyasi d\u00fc\u015f\u00fcnce ayr\u0131m\u0131 yap\u0131lmaks\u0131z\u0131n en \u00fcst d\u00fczeyde hizmet alma hakk\u0131na sahiptir.<\/p>\n<p><strong>Personel se\u00e7me ve de\u011fi\u015ftirme hakk\u0131:<\/strong><br \/>\nMerkezimiz, doktoru se\u00e7me ve de\u011fi\u015ftirme ya da ba\u015fka bir doktorun \u00f6nerisini alma ile tedavinin herhangi bir a\u015famas\u0131nda (t\u0131bben sak\u0131nca \u015fart\u0131 ile) sa\u011fl\u0131k kurumunu de\u011fi\u015ftirme hakk\u0131na sahiptir.<\/p>\n<p><strong>Bilgilendirme hakk\u0131:<\/strong><br \/>\nHastam\u0131z genel sa\u011fl\u0131k durumu, uygulanacak t\u0131bbi i\u015flemler, bunlar\u0131n faydalar\u0131 ve olabilecek riskleri hakk\u0131nda doktorundan yaz\u0131l\u0131 veya s\u00f6zl\u00fc bilgi talep etme hakk\u0131na sahiptir. Ayr\u0131ca t\u0131bbi bak\u0131m ald\u0131\u011f\u0131n\u0131z ki\u015fileri tan\u0131ma tedavinin herhangi bir a\u015famas\u0131nda ikinci bir g\u00f6r\u00fc\u015f\u00fc isteme hakk\u0131na sahiptir.<\/p>\n<p><strong>Gizlili\u011fe sayg\u0131 hakk\u0131:<\/strong><br \/>\nHastam\u0131z, ailesine ve yak\u0131nlar\u0131na sa\u011fl\u0131k durumu ile ilgili bilginin verilmemesini sa\u011fl\u0131k kurumundan talep etme hakk\u0131na sahiptir.<\/p>\n<p><strong>R\u0131za ve izin hakk\u0131:<\/strong><br \/>\nHastam\u0131z t\u0131bbi m\u00fcdahaleler konusunda yeterli bilgiyi doktorundan ald\u0131ktan sonra hastan\u0131n r\u0131zas\u0131 \u00e7er\u00e7evesinde hizmetten faydalanma hakk\u0131na sahiptir. Re\u015fit olmayan, akli psikiyatrik bozuklu\u011fu olan, \u015fuuru kapal\u0131 hastalar\u0131n onay\u0131 yasal temsilcilerden al\u0131n\u0131r.<\/p>\n<p><strong>G\u00fcvenli ortamda hizmet hakk\u0131:<\/strong><br \/>\nHastam\u0131z, sa\u011fl\u0131k hizmetini g\u00fcvenli bir ortamda alma hakk\u0131na sahiptir.<\/p>\n<p><strong>Dini vecibelerini yerine getirebilme hakk\u0131:<\/strong><br \/>\nHastam\u0131z, merkezimizin imk\u00e2nlar\u0131 \u00f6l\u00e7\u00fcs\u00fcnde dini vecibelerini yerine getirme hakk\u0131na sahiptir.<\/p>\n<p><strong>Sayg\u0131nl\u0131k g\u00f6rme hakk\u0131:<\/strong><br \/>\nHastam\u0131z ve yak\u0131nlar\u0131n\u0131n sayg\u0131l\u0131, itinal\u0131 ve ihtimam g\u00f6sterilecek, g\u00fcler y\u00fczl\u00fc, nazik, \u015fefkatli bir sa\u011fl\u0131k hizmeti alma hakk\u0131na sahiptir.<\/p>\n<p><strong>Ziyaret\u00e7i kabul etme ve refakat\u00e7i bulundurma hakk\u0131:<br \/>\n<\/strong>Merkezimizin belirledi\u011fi kurallar \u00e7er\u00e7evesinde, hastalar\u0131m\u0131z\u0131n ziyaret\u00e7i kabul etme ve doktorunun uygun g\u00f6rmesi durumunda refakat\u00e7i bulundurma hakk\u0131 vard\u0131r.<\/p>\n<p><strong>M\u00fcracaat ve \u015fik\u00e2yet hakk\u0131:<\/strong><br \/>\nHastam\u0131z\u0131n haklar\u0131n\u0131 ihlal halinde, merkezimizde bulunan Hasta Haklar\u0131 Ofisi\u2019 ne ba\u015fvurabilir ya da mevzuat \u00e7er\u00e7evesinde her t\u00fcrl\u00fc \u015fikayet ve dava hakk\u0131n\u0131 kullanabilir.[\/vc_column_text][\/vc_column][vc_column width=&#8221;1\/2&#8243;][vc_column_text]<\/p>\n<h3>Hasta Sorumluluklar\u0131<\/h3>\n<p><strong>Bilgi Verme:<br \/>\n<\/strong>Hastam\u0131z \u015fik\u00e2yetlerini, ge\u00e7irdi\u011fi hastal\u0131klar\u0131, uygulanan tedavileri ve kulland\u0131\u011f\u0131 ila\u00e7lar\u0131 ve genel sa\u011fl\u0131k durumu ile ilgili bilgileri do\u011fru ve tam olarak doktoruna bildirmesini beklemekteyiz.<\/p>\n<p><strong>\u00d6nerilere Uyma:<\/strong><br \/>\nHastam\u0131z doktoru taraf\u0131ndan \u00f6nerilen tedavi plan\u0131na uymas\u0131n\u0131 beklemekteyiz.<\/p>\n<p><strong>Tetkik ve Tedavi Giderleri:<\/strong><br \/>\nHastam\u0131z, merkezimize ba\u015fvuru a\u015famas\u0131nda, sa\u011fl\u0131k giderlerini ne \u015fekilde \u00f6deyece\u011fini bildirmelidir. Tedavi i\u00e7in gereken miktar\u0131 merkezimizin belirledi\u011fi s\u00fcre i\u00e7erisinde \u00f6demelidir.<\/p>\n<p><strong>Sa\u011fl\u0131k Kurulu\u015fu Kural ve Uygulamalar\u0131:<\/strong><br \/>\nHastam\u0131z, merkezimizin belirledi\u011fi kural ve esaslara uymal\u0131d\u0131r. Merkezimiz taraf\u0131ndan yap\u0131lan uyar\u0131lar\u0131 dinlememesi halinde; di\u011fer hastalar\u0131n \u015fik\u00e2yet ve rahats\u0131zl\u0131\u011f\u0131na sebep olunmas\u0131 durumunda, ba\u015fka bir sa\u011fl\u0131k kurulu\u015funa nakli \u00f6ng\u00f6r\u00fclebilir.<\/p>\n<p><strong>Sayg\u0131 G\u00f6sterme:<br \/>\n<\/strong>Hastam\u0131z di\u011fer hastalar ile merkezimiz personelinin haklar\u0131na sayg\u0131 g\u00f6stermelidir.<\/p>\n<p><strong>Bula\u015f\u0131c\u0131 Hastal\u0131k Hali:<\/strong><br \/>\nBula\u015f\u0131c\u0131 hastal\u0131k \u015f\u00fcphesi olan veya te\u015fhisi konan hastam\u0131z, doktorunun izni olmad\u0131k\u00e7a taburcu olmay\u0131 talep etmemelidir.<\/p>\n<p><strong>Uygunsuz Talep:<\/strong><br \/>\nHastam\u0131z, doktoru taraf\u0131ndan uygun g\u00f6r\u00fclmeyen ve tedavi plan\u0131nca bulunmayan bir ilac\u0131n verilmesini ya da uygulama yap\u0131lmas\u0131n\u0131 talep etmemelidir.<\/p>\n<p><strong>Hasta Ziyaret\u00e7isi:<\/strong><br \/>\nHastalar\u0131m\u0131z ziyaret\u00e7ilerini, merkezimiz taraf\u0131ndan belirlenen kurallar \u00e7er\u00e7evesinde kabul etmelidir.<\/p>\n<p><strong>\u00d6deme Sorumlulu\u011fu:<\/strong><br \/>\nHastam\u0131z\u0131n, merkezimizin demirba\u015f ve sarf malzemelerini kusurlu kullan\u0131m\u0131 veya kas\u0131tl\u0131 olarak zarar vermesi durumunda hastadan bu zarar\u0131 telafi etmesi istenir.[\/vc_column_text][\/vc_column][\/vc_row]<\/p>\n","protected":false},"excerpt":{"rendered":"<p>[vc_row][vc_column width=&#8221;1\/2&#8243;][vc_column_text] Hasta Haklar\u0131 Hizmetlerden e\u015fitlik i\u00e7inde yararlanma hakk\u0131: Merkezimize ba\u015fvuran her birey \u201ckoruyucu ve tedavi edici sa\u011fl\u0131k hizmeti\u201d alma hakk\u0131 \u0131rk, dil, din, cinsiyet ve siyasi d\u00fc\u015f\u00fcnce ayr\u0131m\u0131 yap\u0131lmaks\u0131z\u0131n en \u00fcst d\u00fczeyde hizmet alma hakk\u0131na sahiptir. Personel se\u00e7me ve de\u011fi\u015ftirme hakk\u0131: Merkezimiz, doktoru se\u00e7me ve de\u011fi\u015ftirme ya da ba\u015fka bir doktorun \u00f6nerisini alma ile tedavinin herhangi bir a\u015famas\u0131nda (t\u0131bben sak\u0131nca \u015fart\u0131 ile) sa\u011fl\u0131k kurumunu de\u011fi\u015ftirme hakk\u0131na sahiptir. Bilgilendirme hakk\u0131: Hastam\u0131z genel sa\u011fl\u0131k durumu, uygulanacak t\u0131bbi i\u015flemler, bunlar\u0131n faydalar\u0131 ve olabilecek riskleri hakk\u0131nda doktorundan yaz\u0131l\u0131 veya s\u00f6zl\u00fc bilgi talep etme hakk\u0131na sahiptir. Ayr\u0131ca t\u0131bbi bak\u0131m ald\u0131\u011f\u0131n\u0131z ki\u015fileri tan\u0131ma tedavinin herhangi bir a\u015famas\u0131nda ikinci bir g\u00f6r\u00fc\u015f\u00fc isteme hakk\u0131na sahiptir. Gizlili\u011fe sayg\u0131 hakk\u0131: Hastam\u0131z, ailesine ve yak\u0131nlar\u0131na sa\u011fl\u0131k durumu ile ilgili bilginin verilmemesini sa\u011fl\u0131k kurumundan talep etme hakk\u0131na sahiptir. R\u0131za ve izin hakk\u0131: Hastam\u0131z t\u0131bbi m\u00fcdahaleler konusunda yeterli bilgiyi doktorundan ald\u0131ktan sonra hastan\u0131n r\u0131zas\u0131 \u00e7er\u00e7evesinde hizmetten faydalanma hakk\u0131na sahiptir. Re\u015fit olmayan, akli psikiyatrik bozuklu\u011fu olan, \u015fuuru kapal\u0131 hastalar\u0131n onay\u0131 yasal temsilcilerden al\u0131n\u0131r. G\u00fcvenli ortamda hizmet hakk\u0131: Hastam\u0131z, sa\u011fl\u0131k hizmetini g\u00fcvenli bir ortamda alma hakk\u0131na sahiptir. Dini vecibelerini yerine getirebilme hakk\u0131: Hastam\u0131z, merkezimizin imk\u00e2nlar\u0131 \u00f6l\u00e7\u00fcs\u00fcnde dini vecibelerini yerine getirme hakk\u0131na sahiptir. Sayg\u0131nl\u0131k g\u00f6rme hakk\u0131: Hastam\u0131z ve yak\u0131nlar\u0131n\u0131n sayg\u0131l\u0131, itinal\u0131 ve ihtimam g\u00f6sterilecek, g\u00fcler y\u00fczl\u00fc, nazik, \u015fefkatli bir sa\u011fl\u0131k hizmeti alma hakk\u0131na sahiptir. Ziyaret\u00e7i kabul etme ve refakat\u00e7i bulundurma hakk\u0131: Merkezimizin belirledi\u011fi kurallar \u00e7er\u00e7evesinde, hastalar\u0131m\u0131z\u0131n ziyaret\u00e7i kabul etme ve doktorunun uygun g\u00f6rmesi durumunda refakat\u00e7i bulundurma hakk\u0131 vard\u0131r. M\u00fcracaat ve \u015fik\u00e2yet hakk\u0131: Hastam\u0131z\u0131n haklar\u0131n\u0131 ihlal halinde, merkezimizde bulunan Hasta Haklar\u0131 Ofisi\u2019 ne ba\u015fvurabilir ya da mevzuat \u00e7er\u00e7evesinde her t\u00fcrl\u00fc \u015fikayet ve dava hakk\u0131n\u0131 kullanabilir.[\/vc_column_text][\/vc_column][vc_column width=&#8221;1\/2&#8243;][vc_column_text] Hasta Sorumluluklar\u0131 Bilgi Verme: Hastam\u0131z \u015fik\u00e2yetlerini, ge\u00e7irdi\u011fi hastal\u0131klar\u0131, uygulanan tedavileri ve kulland\u0131\u011f\u0131 ila\u00e7lar\u0131 ve genel sa\u011fl\u0131k durumu ile ilgili bilgileri do\u011fru ve tam olarak doktoruna bildirmesini beklemekteyiz. \u00d6nerilere Uyma: Hastam\u0131z doktoru taraf\u0131ndan \u00f6nerilen tedavi plan\u0131na uymas\u0131n\u0131 beklemekteyiz. Tetkik ve Tedavi Giderleri: Hastam\u0131z, merkezimize ba\u015fvuru a\u015famas\u0131nda, sa\u011fl\u0131k giderlerini ne \u015fekilde \u00f6deyece\u011fini bildirmelidir. Tedavi i\u00e7in gereken miktar\u0131 merkezimizin belirledi\u011fi s\u00fcre i\u00e7erisinde \u00f6demelidir. Sa\u011fl\u0131k Kurulu\u015fu Kural ve Uygulamalar\u0131: Hastam\u0131z, merkezimizin belirledi\u011fi kural ve esaslara uymal\u0131d\u0131r. Merkezimiz taraf\u0131ndan yap\u0131lan uyar\u0131lar\u0131 dinlememesi halinde; di\u011fer hastalar\u0131n \u015fik\u00e2yet ve rahats\u0131zl\u0131\u011f\u0131na sebep olunmas\u0131 durumunda, ba\u015fka bir sa\u011fl\u0131k kurulu\u015funa nakli \u00f6ng\u00f6r\u00fclebilir. Sayg\u0131 G\u00f6sterme: Hastam\u0131z di\u011fer hastalar ile merkezimiz personelinin haklar\u0131na sayg\u0131 g\u00f6stermelidir. Bula\u015f\u0131c\u0131 Hastal\u0131k Hali: Bula\u015f\u0131c\u0131 hastal\u0131k \u015f\u00fcphesi olan veya te\u015fhisi konan hastam\u0131z, doktorunun izni olmad\u0131k\u00e7a taburcu olmay\u0131 talep etmemelidir. Uygunsuz Talep: Hastam\u0131z, doktoru taraf\u0131ndan uygun g\u00f6r\u00fclmeyen ve tedavi plan\u0131nca bulunmayan bir ilac\u0131n verilmesini ya da uygulama yap\u0131lmas\u0131n\u0131 talep etmemelidir. Hasta Ziyaret\u00e7isi: Hastalar\u0131m\u0131z ziyaret\u00e7ilerini, merkezimiz taraf\u0131ndan belirlenen kurallar \u00e7er\u00e7evesinde kabul etmelidir. \u00d6deme Sorumlulu\u011fu: Hastam\u0131z\u0131n, merkezimizin demirba\u015f ve sarf malzemelerini kusurlu kullan\u0131m\u0131 veya kas\u0131tl\u0131 olarak zarar vermesi durumunda hastadan bu zarar\u0131 telafi etmesi istenir.[\/vc_column_text][\/vc_column][\/vc_row]<\/p>\n","protected":false},"author":1,"featured_media":0,"parent":0,"menu_order":0,"comment_status":"closed","ping_status":"closed","template":"","meta":[],"_links":{"self":[{"href":"https:\/\/dentaydin.com\/en\/wp-json\/wp\/v2\/pages\/3370"}],"collection":[{"href":"https:\/\/dentaydin.com\/en\/wp-json\/wp\/v2\/pages"}],"about":[{"href":"https:\/\/dentaydin.com\/en\/wp-json\/wp\/v2\/types\/page"}],"author":[{"embeddable":true,"href":"https:\/\/dentaydin.com\/en\/wp-json\/wp\/v2\/users\/1"}],"replies":[{"embeddable":true,"href":"https:\/\/dentaydin.com\/en\/wp-json\/wp\/v2\/comments?post=3370"}],"version-history":[{"count":0,"href":"https:\/\/dentaydin.com\/en\/wp-json\/wp\/v2\/pages\/3370\/revisions"}],"wp:attachment":[{"href":"https:\/\/dentaydin.com\/en\/wp-json\/wp\/v2\/media?parent=3370"}],"curies":[{"name":"wp","href":"https:\/\/api.w.org\/{rel}","templated":true}]}}