{"id":519,"date":"2018-10-17T06:23:05","date_gmt":"2018-10-17T03:23:05","guid":{"rendered":"http:\/\/dentaydin.com\/en\/about-us\/"},"modified":"2025-05-27T08:48:18","modified_gmt":"2025-05-27T05:48:18","slug":"about-us","status":"publish","type":"page","link":"https:\/\/dentaydin.com\/en\/about-us\/","title":{"rendered":"About Us"},"content":{"rendered":"<p>[vc_row full_width=&#8221;stretch_row&#8221; disable_element=&#8221;yes&#8221; overlay_background=&#8221;custom&#8221; overlay_custom_background=&#8221;#06205c&#8221; overlay_opacity=&#8221;85&#8243; lg_spacing=&#8221;padding_top:100;padding_bottom:100&#8243; background_image=&#8221;2496&#8243; background_position=&#8221;center center&#8221; sm_spacing=&#8221;padding_top:130;padding_bottom:150&#8243;][vc_column offset=&#8221;vc_col-md-offset-2 vc_col-md-8&#8243;][tm_spacer size=&#8221;lg:60&#8243;][tm_popup_video style=&#8221;button&#8221; video_text=&#8221;Tan\u0131t\u0131m Videosu&#8221; video=&#8221;https:\/\/www.youtube.com\/watch?v=ovWshJooro8&#8243;][tm_spacer size=&#8221;lg:40&#8243;][tm_heading tag=&#8221;div&#8221; custom_google_font=&#8221;&#8221; font_weight=&#8221;600&#8243; align=&#8221;center&#8221; text_color=&#8221;custom&#8221; custom_text_color=&#8221;#ffffff&#8221; text=&#8221;\u0130stanbul Ayd\u0131n University Dentayd\u0131n Dental Hospitals&#8221; font_size=&#8221;lg:18&#8243; max_width=&#8221;590px&#8221;][tm_spacer size=&#8221;lg:5&#8243;][tm_heading custom_google_font=&#8221;&#8221; align=&#8221;center&#8221; text_color=&#8221;custom&#8221; custom_text_color=&#8221;#ffffff&#8221; text=&#8221;Turkey&#8217;s most preferred private university&#8221; font_size=&#8221;sm:40;md:50;lg:60&#8243;][\/vc_column][\/vc_row][vc_row][vc_column][tm_spacer size=&#8221;lg:80&#8243;][\/vc_column][\/vc_row][vc_row css_animation=&#8221;none&#8221;][vc_column width=&#8221;1\/2&#8243;][tm_image animation=&#8221;move-up&#8221; image=&#8221;6059&#8243;][\/vc_column][vc_column width=&#8221;1\/2&#8243;][tm_spacer size=&#8221;lg:60&#8243;][vc_column_text css_animation=&#8221;bottom-to-top&#8221;]<\/p>\n<h3>About Us<\/h3>\n<p style=\"text-align: justify;\">As Turkey\u2019s most preferred foundation university, Istanbul Ayd\u0131n University offers oral and dental health services to the public through Dentayd\u0131n Dental Hospital, part of its Faculty of Dentistry, located on the B\u00fcy\u00fck\u00e7ekmece, Florya, and Esenyurt campuses. With a strong academic team, advanced medical infrastructure, high patient satisfaction, international health agreements, and impactful social projects, it brings a distinct approach to dental care. The hospital provides services across eight specialized departments within the faculty.<\/p>\n<p>[\/vc_column_text][\/vc_column][\/vc_row][vc_row][vc_column][tm_spacer size=&#8221;lg:80&#8243;][\/vc_column][\/vc_row][vc_row css_animation=&#8221;none&#8221;][vc_column width=&#8221;1\/2&#8243;][tm_image animation=&#8221;move-up&#8221; image=&#8221;3156&#8243;][\/vc_column][vc_column width=&#8221;1\/2&#8243;][tm_spacer size=&#8221;lg:40&#8243;][vc_column_text css_animation=&#8221;bottom-to-top&#8221;]<\/p>\n<h3>Turkey\u2019s Most Preferred Foundation University<\/h3>\n<p style=\"text-align: justify;\">Istanbul Ayd\u0131n University was established in 2003 by the Anadolu Education and Culture Foundation (AKEV) with the goal of cultivating highly qualified human resources at both national and international levels. Initially founded as Anadolu B\u0130L Vocational School under the direct supervision of the Council of Higher Education, it became \u201cTurkey\u2019s first foundation vocational school,\u201d marking a historic milestone. Founded in 2003 with the vocational school and officially established as a university in 2007, Istanbul Ayd\u0131n University currently operates with 14 faculties, 3 vocational schools, 3 graduate institutes, 36 research centers and continues higher education activities with nearly 50.000 students, 8.500 Erasmus participants and 89.000 graduates.<\/p>\n<p>[\/vc_column_text][\/vc_column][\/vc_row][vc_row][vc_column][tm_spacer size=&#8221;lg:80&#8243;][\/vc_column][\/vc_row][vc_row css_animation=&#8221;none&#8221;][vc_column width=&#8221;1\/2&#8243;][tm_image animation=&#8221;move-up&#8221; image=&#8221;3548&#8243;][\/vc_column][vc_column width=&#8221;1\/2&#8243;][tm_spacer size=&#8221;lg:60&#8243;][vc_column_text css_animation=&#8221;bottom-to-top&#8221;]<\/p>\n<h3>Our Hospitals<\/h3>\n<p style=\"text-align: justify;\">Located in the central districts on the European side of Istanbul, Istanbul Ayd\u0131n University Faculty of Dentistry\u2019s Dentayd\u0131n Dental Hospital is easily accessible via metrobus, bus, metro, sea buses, and other public transportation options. Additionally, our campuses are situated in areas that are conveniently reachable by air travel and are surrounded by numerous shopping malls, luxury accommodations, cafes, and vibrant social venues.<\/p>\n<p>[\/vc_column_text][\/vc_column][\/vc_row][vc_row][vc_column][tm_spacer size=&#8221;lg:80&#8243;][\/vc_column][\/vc_row][vc_row full_width=&#8221;stretch_row&#8221; overlay_background=&#8221;primary&#8221; overlay_opacity=&#8221;60&#8243; lg_spacing=&#8221;padding_top:137;padding_bottom:137&#8243; background_image=&#8221;2626&#8243; background_position=&#8221;center center&#8221;][vc_column width=&#8221;1\/2&#8243; offset=&#8221;vc_col-md-offset-7 vc_col-md-5&#8243;][vc_row_inner background_color=&#8221;custom&#8221; lg_spacing=&#8221;margin_right:0;margin_left:0;padding_top:60;padding_right:55;padding_bottom:60;padding_left:55&#8243; custom_background_color=&#8221;#ffffff&#8221;][vc_column_inner][tm_heading custom_google_font=&#8221;&#8221; text=&#8221;We care about our values&#8221; font_size=&#8221;lg:36&#8243;][tm_spacer size=&#8221;lg:30&#8243;][tm_list list_style=&#8221;check&#8221; marker_color=&#8221;primary&#8221; columns=&#8221;xs:1;lg:1&#8243; items=&#8221;%5B%7B%22item_title%22%3A%22Patient%20and%20personnel%20rights%20respect%22%2C%22icon_type%22%3A%22fontawesome5%22%7D%2C%7B%22item_title%22%3A%22Scientific%20principles%20base%22%2C%22icon_type%22%3A%22fontawesome5%22%7D%2C%7B%22item_title%22%3A%22Aims%20patient%20treatment%20in%20high%20quality%20standards%22%2C%22icon_type%22%3A%22fontawesome5%22%7D%2C%7B%22item_title%22%3A%22All%20the%20Activities%20make%20transparent%22%2C%22icon_type%22%3A%22fontawesome5%22%7D%2C%7B%22item_title%22%3A%22Participant%2C%20Tolerant%2C%20engage%20in%20innovator%20management%22%2C%22icon_type%22%3A%22fontawesome5%22%7D%2C%7B%22item_title%22%3A%22Perfectionism%22%2C%22icon_type%22%3A%22fontawesome5%22%7D%2C%7B%22item_title%22%3A%22Engage%20in%20people%20oriented%20service%22%2C%22icon_type%22%3A%22fontawesome5%22%7D%2C%7B%22item_title%22%3A%22Be%20sensitive%20to%20the%20environment%22%2C%22icon_type%22%3A%22fontawesome5%22%7D%2C%7B%22item_title%22%3A%22Ethical%20and%20legal%20follow%20the%20rules%22%2C%22icon_type%22%3A%22fontawesome5%22%7D%5D&#8221;][\/vc_column_inner][\/vc_row_inner][\/vc_column][\/vc_row][vc_row][vc_column][tm_spacer size=&#8221;lg:40&#8243;][\/vc_column][\/vc_row][vc_row][vc_column width=&#8221;1\/3&#8243; custom_border_color=&#8221;#e8e8e8&#8243; lg_spacing=&#8221;padding_top:20;padding_right:20;padding_bottom:20;padding_left:20&#8243;][tm_heading tag=&#8221;h5&#8243; custom_google_font=&#8221;&#8221; animation=&#8221;none&#8221; text=&#8221;Mission&#8221; font_size=&#8221;lg:36&#8243;][tm_spacer size=&#8221;lg:30&#8243;][vc_column_text]<\/p>\n<p style=\"text-align: justify;\">Our mission is to raise dentists who have internalized universal and ethical values and used knowledge, and produced new knowledge and spread, contributed development of society thanks to searching, critical and analyzing mentality and prepared herself or himself lifelong education in conditions where competion and knowledge is very high.<\/p>\n<p>[\/vc_column_text][\/vc_column][vc_column width=&#8221;1\/3&#8243; lg_spacing=&#8221;padding_top:20;padding_right:20;padding_bottom:20;padding_left:20&#8243;][tm_heading tag=&#8221;h5&#8243; custom_google_font=&#8221;&#8221; animation=&#8221;none&#8221; text=&#8221;Vision&#8221; font_size=&#8221;lg:36&#8243;][tm_spacer size=&#8221;lg:30&#8243;][vc_column_text]<\/p>\n<p style=\"text-align: justify;\">Our vision is to be sensitive to patient rights in Oral and Dental health services, to prioritize patient satisfaction, to depend on ethical values, to practice modern methods of treatment, to provide safe health service with adequate and equipped staff and cares about the employees&#8217; satisfaction and to improve the effectiveness of this system by following the Quality Management System requirements.<\/p>\n<p>[\/vc_column_text][\/vc_column][vc_column width=&#8221;1\/3&#8243; lg_spacing=&#8221;padding_top:20;padding_right:20;padding_bottom:20;padding_left:20&#8243;][tm_heading tag=&#8221;h5&#8243; custom_google_font=&#8221;&#8221; animation=&#8221;none&#8221; text=&#8221;Quality Standards&#8221; font_size=&#8221;lg:36&#8243;][tm_spacer size=&#8221;lg:30&#8243;][vc_column_text]<\/p>\n<p style=\"text-align: justify;\">Istanbul Ayd\u0131n University Dental Hospital and all the stakeholders ensure patient safety, services and continuing education development in the fields of Ministry of Health and other defined the national and international entire process of assimilating are in quality standards.<\/p>\n<p>[\/vc_column_text][\/vc_column][\/vc_row][vc_row][vc_column][tm_spacer size=&#8221;lg:40&#8243;][\/vc_column][\/vc_row]<\/p>\n","protected":false},"excerpt":{"rendered":"<p>[vc_row full_width=&#8221;stretch_row&#8221; disable_element=&#8221;yes&#8221; overlay_background=&#8221;custom&#8221; overlay_custom_background=&#8221;#06205c&#8221; overlay_opacity=&#8221;85&#8243; lg_spacing=&#8221;padding_top:100;padding_bottom:100&#8243; background_image=&#8221;2496&#8243; background_position=&#8221;center center&#8221; sm_spacing=&#8221;padding_top:130;padding_bottom:150&#8243;][vc_column offset=&#8221;vc_col-md-offset-2 vc_col-md-8&#8243;][tm_spacer size=&#8221;lg:60&#8243;][tm_popup_video style=&#8221;button&#8221; video_text=&#8221;Tan\u0131t\u0131m Videosu&#8221; video=&#8221;https:\/\/www.youtube.com\/watch?v=ovWshJooro8&#8243;][tm_spacer size=&#8221;lg:40&#8243;][tm_heading tag=&#8221;div&#8221; custom_google_font=&#8221;&#8221; font_weight=&#8221;600&#8243; align=&#8221;center&#8221; text_color=&#8221;custom&#8221; custom_text_color=&#8221;#ffffff&#8221; text=&#8221;\u0130stanbul Ayd\u0131n University Dentayd\u0131n Dental Hospitals&#8221; font_size=&#8221;lg:18&#8243; max_width=&#8221;590px&#8221;][tm_spacer size=&#8221;lg:5&#8243;][tm_heading custom_google_font=&#8221;&#8221; align=&#8221;center&#8221; text_color=&#8221;custom&#8221; custom_text_color=&#8221;#ffffff&#8221; text=&#8221;Turkey&#8217;s most preferred private university&#8221; font_size=&#8221;sm:40;md:50;lg:60&#8243;][\/vc_column][\/vc_row][vc_row][vc_column][tm_spacer size=&#8221;lg:80&#8243;][\/vc_column][\/vc_row][vc_row css_animation=&#8221;none&#8221;][vc_column width=&#8221;1\/2&#8243;][tm_image animation=&#8221;move-up&#8221; image=&#8221;6059&#8243;][\/vc_column][vc_column width=&#8221;1\/2&#8243;][tm_spacer size=&#8221;lg:60&#8243;][vc_column_text css_animation=&#8221;bottom-to-top&#8221;] About Us As Turkey\u2019s most preferred foundation university, Istanbul Ayd\u0131n University offers oral and dental health services to the public through Dentayd\u0131n Dental Hospital, part of its Faculty of Dentistry, located on the B\u00fcy\u00fck\u00e7ekmece, Florya, and Esenyurt campuses. With a strong academic team, advanced medical infrastructure, high patient satisfaction, international health agreements, and impactful social projects, it brings a distinct approach to dental care. The hospital provides services across eight specialized departments within the faculty. [\/vc_column_text][\/vc_column][\/vc_row][vc_row][vc_column][tm_spacer size=&#8221;lg:80&#8243;][\/vc_column][\/vc_row][vc_row css_animation=&#8221;none&#8221;][vc_column width=&#8221;1\/2&#8243;][tm_image animation=&#8221;move-up&#8221; image=&#8221;3156&#8243;][\/vc_column][vc_column width=&#8221;1\/2&#8243;][tm_spacer size=&#8221;lg:40&#8243;][vc_column_text css_animation=&#8221;bottom-to-top&#8221;] Turkey\u2019s Most Preferred Foundation University Istanbul Ayd\u0131n University was established in 2003 by the Anadolu Education and Culture Foundation (AKEV) with the goal of cultivating highly qualified human resources at both national and international levels. Initially founded as Anadolu B\u0130L Vocational School under the direct supervision of the Council of Higher Education, it became \u201cTurkey\u2019s first foundation vocational school,\u201d marking a historic milestone. Founded in 2003 with the vocational school and officially established as a university in 2007, Istanbul Ayd\u0131n University currently operates with 14 faculties, 3 vocational schools, 3 graduate institutes, 36 research centers and continues higher education activities with nearly 50.000 students, 8.500 Erasmus participants and 89.000 graduates. [\/vc_column_text][\/vc_column][\/vc_row][vc_row][vc_column][tm_spacer size=&#8221;lg:80&#8243;][\/vc_column][\/vc_row][vc_row css_animation=&#8221;none&#8221;][vc_column width=&#8221;1\/2&#8243;][tm_image animation=&#8221;move-up&#8221; image=&#8221;3548&#8243;][\/vc_column][vc_column width=&#8221;1\/2&#8243;][tm_spacer size=&#8221;lg:60&#8243;][vc_column_text css_animation=&#8221;bottom-to-top&#8221;] Our Hospitals Located in the central districts on the European side of Istanbul, Istanbul Ayd\u0131n University Faculty of Dentistry\u2019s Dentayd\u0131n Dental Hospital is easily accessible via metrobus, bus, metro, sea buses, and other public transportation options. Additionally, our campuses are situated in areas that are conveniently reachable by air travel and are surrounded by numerous shopping malls, luxury accommodations, cafes, and vibrant social venues. [\/vc_column_text][\/vc_column][\/vc_row][vc_row][vc_column][tm_spacer size=&#8221;lg:80&#8243;][\/vc_column][\/vc_row][vc_row full_width=&#8221;stretch_row&#8221; overlay_background=&#8221;primary&#8221; overlay_opacity=&#8221;60&#8243; lg_spacing=&#8221;padding_top:137;padding_bottom:137&#8243; background_image=&#8221;2626&#8243; background_position=&#8221;center center&#8221;][vc_column width=&#8221;1\/2&#8243; offset=&#8221;vc_col-md-offset-7 vc_col-md-5&#8243;][vc_row_inner background_color=&#8221;custom&#8221; lg_spacing=&#8221;margin_right:0;margin_left:0;padding_top:60;padding_right:55;padding_bottom:60;padding_left:55&#8243; custom_background_color=&#8221;#ffffff&#8221;][vc_column_inner][tm_heading custom_google_font=&#8221;&#8221; text=&#8221;We care about our values&#8221; font_size=&#8221;lg:36&#8243;][tm_spacer size=&#8221;lg:30&#8243;][tm_list list_style=&#8221;check&#8221; marker_color=&#8221;primary&#8221; columns=&#8221;xs:1;lg:1&#8243; items=&#8221;%5B%7B%22item_title%22%3A%22Patient%20and%20personnel%20rights%20respect%22%2C%22icon_type%22%3A%22fontawesome5%22%7D%2C%7B%22item_title%22%3A%22Scientific%20principles%20base%22%2C%22icon_type%22%3A%22fontawesome5%22%7D%2C%7B%22item_title%22%3A%22Aims%20patient%20treatment%20in%20high%20quality%20standards%22%2C%22icon_type%22%3A%22fontawesome5%22%7D%2C%7B%22item_title%22%3A%22All%20the%20Activities%20make%20transparent%22%2C%22icon_type%22%3A%22fontawesome5%22%7D%2C%7B%22item_title%22%3A%22Participant%2C%20Tolerant%2C%20engage%20in%20innovator%20management%22%2C%22icon_type%22%3A%22fontawesome5%22%7D%2C%7B%22item_title%22%3A%22Perfectionism%22%2C%22icon_type%22%3A%22fontawesome5%22%7D%2C%7B%22item_title%22%3A%22Engage%20in%20people%20oriented%20service%22%2C%22icon_type%22%3A%22fontawesome5%22%7D%2C%7B%22item_title%22%3A%22Be%20sensitive%20to%20the%20environment%22%2C%22icon_type%22%3A%22fontawesome5%22%7D%2C%7B%22item_title%22%3A%22Ethical%20and%20legal%20follow%20the%20rules%22%2C%22icon_type%22%3A%22fontawesome5%22%7D%5D&#8221;][\/vc_column_inner][\/vc_row_inner][\/vc_column][\/vc_row][vc_row][vc_column][tm_spacer size=&#8221;lg:40&#8243;][\/vc_column][\/vc_row][vc_row][vc_column width=&#8221;1\/3&#8243; custom_border_color=&#8221;#e8e8e8&#8243; lg_spacing=&#8221;padding_top:20;padding_right:20;padding_bottom:20;padding_left:20&#8243;][tm_heading tag=&#8221;h5&#8243; custom_google_font=&#8221;&#8221; animation=&#8221;none&#8221; text=&#8221;Mission&#8221; font_size=&#8221;lg:36&#8243;][tm_spacer size=&#8221;lg:30&#8243;][vc_column_text] Our mission is to raise dentists who have internalized universal and ethical values and used knowledge, and produced new knowledge and spread, contributed development of society thanks to searching, critical and analyzing mentality and prepared herself or himself lifelong education in conditions where competion and knowledge is very high. [\/vc_column_text][\/vc_column][vc_column width=&#8221;1\/3&#8243; lg_spacing=&#8221;padding_top:20;padding_right:20;padding_bottom:20;padding_left:20&#8243;][tm_heading tag=&#8221;h5&#8243; custom_google_font=&#8221;&#8221; animation=&#8221;none&#8221; text=&#8221;Vision&#8221; font_size=&#8221;lg:36&#8243;][tm_spacer size=&#8221;lg:30&#8243;][vc_column_text] Our vision is to be sensitive to patient rights in Oral and Dental health services, to prioritize patient satisfaction, to depend on ethical values, to practice modern methods of treatment, to provide safe health service with adequate and equipped staff and cares about the employees&#8217; satisfaction and to improve the effectiveness of this system by following the Quality Management System requirements. [\/vc_column_text][\/vc_column][vc_column width=&#8221;1\/3&#8243; lg_spacing=&#8221;padding_top:20;padding_right:20;padding_bottom:20;padding_left:20&#8243;][tm_heading tag=&#8221;h5&#8243; custom_google_font=&#8221;&#8221; animation=&#8221;none&#8221; text=&#8221;Quality Standards&#8221; font_size=&#8221;lg:36&#8243;][tm_spacer size=&#8221;lg:30&#8243;][vc_column_text] Istanbul Ayd\u0131n University Dental Hospital and all the stakeholders ensure patient safety, services and continuing education development in the fields of Ministry of Health and other defined the national and international entire process of assimilating are in quality standards. [\/vc_column_text][\/vc_column][\/vc_row][vc_row][vc_column][tm_spacer size=&#8221;lg:40&#8243;][\/vc_column][\/vc_row]<\/p>\n","protected":false},"author":1,"featured_media":0,"parent":0,"menu_order":0,"comment_status":"closed","ping_status":"closed","template":"","meta":[],"_links":{"self":[{"href":"https:\/\/dentaydin.com\/en\/wp-json\/wp\/v2\/pages\/519"}],"collection":[{"href":"https:\/\/dentaydin.com\/en\/wp-json\/wp\/v2\/pages"}],"about":[{"href":"https:\/\/dentaydin.com\/en\/wp-json\/wp\/v2\/types\/page"}],"author":[{"embeddable":true,"href":"https:\/\/dentaydin.com\/en\/wp-json\/wp\/v2\/users\/1"}],"replies":[{"embeddable":true,"href":"https:\/\/dentaydin.com\/en\/wp-json\/wp\/v2\/comments?post=519"}],"version-history":[{"count":5,"href":"https:\/\/dentaydin.com\/en\/wp-json\/wp\/v2\/pages\/519\/revisions"}],"predecessor-version":[{"id":7906,"href":"https:\/\/dentaydin.com\/en\/wp-json\/wp\/v2\/pages\/519\/revisions\/7906"}],"wp:attachment":[{"href":"https:\/\/dentaydin.com\/en\/wp-json\/wp\/v2\/media?parent=519"}],"curies":[{"name":"wp","href":"https:\/\/api.w.org\/{rel}","templated":true}]}}