{"id":560,"date":"2018-10-17T09:38:29","date_gmt":"2018-10-17T06:38:29","guid":{"rendered":"http:\/\/dentaydin.com\/en\/contact-us-02\/"},"modified":"2024-03-07T10:27:56","modified_gmt":"2024-03-07T07:27:56","slug":"contact-us","status":"publish","type":"page","link":"https:\/\/dentaydin.com\/en\/contact-us\/","title":{"rendered":"Contact Us"},"content":{"rendered":"<p>[vc_row lg_spacing=&#8221;padding_bottom:60&#8243;][vc_column][tm_spacer size=&#8221;lg:50&#8243;][tm_heading custom_google_font=&#8221;&#8221; align=&#8221;center&#8221; text=&#8221;We are at your service with 3 campuses&#8221; font_size=&#8221;lg:36&#8243;][tm_spacer size=&#8221;lg:20&#8243;][tm_heading tag=&#8221;div&#8221; custom_google_font=&#8221;&#8221; align=&#8221;center&#8221; text=&#8221;In order to provide you with more accessible service, we offer you services with our three campuses.&#8221; font_size=&#8221;lg:18&#8243; max_width=&#8221;1200px&#8221;][\/vc_column][\/vc_row][vc_row gutter=&#8221;sm:30;md:40;lg:60&#8243;][vc_column width=&#8221;1\/3&#8243;][tm_office_info image=&#8221;7169&#8243; title=&#8221;Esenyurt Entegre Klini\u011fi&#8221; address=&#8221;Nam\u0131k Kemal Mahallesi, 122. Sk. No:18, 34513 Beylikd\u00fcz\u00fc Osb \/ Esenyurt \/ \u0130STANBUL&#8221; email=&#8221;iletisim@dentaydin.com&#8221; phone=&#8221;0212 444 8 347&#8243; link=&#8221;url:https%3A%2F%2Fdentaydin.com%2Fen%2Fcontact-us%2Fesenyurt-clinic%2F|title:Reach%20Our%20Campus||&#8221;][tm_spacer size=&#8221;lg:60&#8243;][\/vc_column][vc_column width=&#8221;1\/3&#8243;][tm_office_info image=&#8221;3594&#8243; title=&#8221;B\u00fcy\u00fck\u00e7ekmece Campus&#8221; address=&#8221;Fatih Mah. R\u0131za K\u00fc\u00e7\u00fcko\u011flupa\u015fa Cad. No: 34 B\u00fcy\u00fck\u00e7ekmece \/ \u0130STANBUL&#8221; email=&#8221;info@dentaydin.com&#8221; phone=&#8221;+90212 411 30 00&#8243; link=&#8221;url:http%3A%2F%2Fdentaydin.com%2Fen%2Fcontact-us%2Fbuyukcekmece-campus%2F|title:Reach%20Our%20Campus||&#8221;][tm_spacer size=&#8221;lg:60&#8243;][\/vc_column][vc_column width=&#8221;1\/3&#8243;][tm_office_info image=&#8221;3595&#8243; title=&#8221;Florya Campus&#8221; address=&#8221;Be\u015fyol Mah.\u0130n\u00f6n\u00fc Cad.Akasya Sk.No:6 K\u00fc\u00e7\u00fck\u00e7ekmece \/ \u0130STANBUL&#8221; email=&#8221;info@dentaydin.com&#8221; phone=&#8221;+90212 411 30 00&#8243; link=&#8221;url:http%3A%2F%2Fdentaydin.com%2Fen%2Fcontact-us%2Fflorya-campus%2F|title:Reach%20Our%20Campus||&#8221;][tm_spacer size=&#8221;lg:60&#8243;][\/vc_column][\/vc_row]<\/p>\n","protected":false},"excerpt":{"rendered":"<p>[vc_row lg_spacing=&#8221;padding_bottom:60&#8243;][vc_column][tm_spacer size=&#8221;lg:50&#8243;][tm_heading custom_google_font=&#8221;&#8221; align=&#8221;center&#8221; text=&#8221;We are at your service with 3 campuses&#8221; font_size=&#8221;lg:36&#8243;][tm_spacer size=&#8221;lg:20&#8243;][tm_heading tag=&#8221;div&#8221; custom_google_font=&#8221;&#8221; align=&#8221;center&#8221; text=&#8221;In order to provide you with more accessible service, we offer you services with our three campuses.&#8221; font_size=&#8221;lg:18&#8243; max_width=&#8221;1200px&#8221;][\/vc_column][\/vc_row][vc_row gutter=&#8221;sm:30;md:40;lg:60&#8243;][vc_column width=&#8221;1\/3&#8243;][tm_office_info image=&#8221;7169&#8243; title=&#8221;Esenyurt Entegre Klini\u011fi&#8221; address=&#8221;Nam\u0131k Kemal Mahallesi, 122. Sk. No:18, 34513 Beylikd\u00fcz\u00fc Osb \/ Esenyurt \/ \u0130STANBUL&#8221; email=&#8221;iletisim@dentaydin.com&#8221; phone=&#8221;0212 444 8 347&#8243; link=&#8221;url:https%3A%2F%2Fdentaydin.com%2Fen%2Fcontact-us%2Fesenyurt-clinic%2F|title:Reach%20Our%20Campus||&#8221;][tm_spacer size=&#8221;lg:60&#8243;][\/vc_column][vc_column width=&#8221;1\/3&#8243;][tm_office_info image=&#8221;3594&#8243; title=&#8221;B\u00fcy\u00fck\u00e7ekmece Campus&#8221; address=&#8221;Fatih Mah. R\u0131za K\u00fc\u00e7\u00fcko\u011flupa\u015fa Cad. No: 34 B\u00fcy\u00fck\u00e7ekmece \/ \u0130STANBUL&#8221; email=&#8221;info@dentaydin.com&#8221; phone=&#8221;+90212 411 30 00&#8243; link=&#8221;url:http%3A%2F%2Fdentaydin.com%2Fen%2Fcontact-us%2Fbuyukcekmece-campus%2F|title:Reach%20Our%20Campus||&#8221;][tm_spacer size=&#8221;lg:60&#8243;][\/vc_column][vc_column width=&#8221;1\/3&#8243;][tm_office_info image=&#8221;3595&#8243; title=&#8221;Florya Campus&#8221; address=&#8221;Be\u015fyol Mah.\u0130n\u00f6n\u00fc Cad.Akasya Sk.No:6 K\u00fc\u00e7\u00fck\u00e7ekmece \/ \u0130STANBUL&#8221; email=&#8221;info@dentaydin.com&#8221; phone=&#8221;+90212 411 30 00&#8243; link=&#8221;url:http%3A%2F%2Fdentaydin.com%2Fen%2Fcontact-us%2Fflorya-campus%2F|title:Reach%20Our%20Campus||&#8221;][tm_spacer size=&#8221;lg:60&#8243;][\/vc_column][\/vc_row]<\/p>\n","protected":false},"author":1,"featured_media":0,"parent":0,"menu_order":0,"comment_status":"closed","ping_status":"closed","template":"","meta":[],"_links":{"self":[{"href":"https:\/\/dentaydin.com\/en\/wp-json\/wp\/v2\/pages\/560"}],"collection":[{"href":"https:\/\/dentaydin.com\/en\/wp-json\/wp\/v2\/pages"}],"about":[{"href":"https:\/\/dentaydin.com\/en\/wp-json\/wp\/v2\/types\/page"}],"author":[{"embeddable":true,"href":"https:\/\/dentaydin.com\/en\/wp-json\/wp\/v2\/users\/1"}],"replies":[{"embeddable":true,"href":"https:\/\/dentaydin.com\/en\/wp-json\/wp\/v2\/comments?post=560"}],"version-history":[{"count":7,"href":"https:\/\/dentaydin.com\/en\/wp-json\/wp\/v2\/pages\/560\/revisions"}],"predecessor-version":[{"id":7821,"href":"https:\/\/dentaydin.com\/en\/wp-json\/wp\/v2\/pages\/560\/revisions\/7821"}],"wp:attachment":[{"href":"https:\/\/dentaydin.com\/en\/wp-json\/wp\/v2\/media?parent=560"}],"curies":[{"name":"wp","href":"https:\/\/api.w.org\/{rel}","templated":true}]}}