{"id":7127,"date":"2019-01-03T14:34:48","date_gmt":"2019-01-03T11:34:48","guid":{"rendered":"http:\/\/dentaydin.com\/en\/?page_id=7127"},"modified":"2023-01-03T16:16:35","modified_gmt":"2023-01-03T13:16:35","slug":"esenyurt-clinic","status":"publish","type":"page","link":"https:\/\/dentaydin.com\/en\/contact-us\/esenyurt-clinic\/","title":{"rendered":"Esenyurt Dental Clinic"},"content":{"rendered":"<p>[vc_row][vc_column][tm_spacer size=&#8221;lg:80&#8243;][\/vc_column][\/vc_row][vc_row lg_spacing=&#8221;padding_bottom:60&#8243;][vc_column][vc_row_inner][vc_column_inner offset=&#8221;vc_col-lg-4&#8243;][tm_box_icon style=&#8221;3&#8243; icon_type=&#8221;fontawesome5&#8243; icon_fontawesome5=&#8221;far fa-map-marked-alt&#8221; custom_border_color=&#8221;#d4d2d2&#8243; border_style=&#8221;dashed&#8221; heading=&#8221;Esenyurt ADDRESS&#8221; button=&#8221;|||&#8221; lg_spacing=&#8221;border_bottom:1&#8243; link=&#8221;url:http%3A%2F%2Fdentaydin.com%2Fbize-ulasin%2Fbahcelievler-yerleskesi%2F%23harita|title:%20CALL%20CENTER||&#8221; text=&#8221;Nam\u0131k Kemal Mahallesi, 122. Sk. No:18, 34513 Beylikd\u00fcz\u00fc Osb \/ Esenyurt \/ \u0130STANBUL&#8221;][tm_box_icon style=&#8221;3&#8243; icon_type=&#8221;fontawesome5&#8243; icon_fontawesome5=&#8221;far fa-headphones-alt&#8221; custom_border_color=&#8221;#d4d2d2&#8243; border_style=&#8221;dashed&#8221; heading=&#8221;CALL CENTER&#8221; button=&#8221;|||&#8221; lg_spacing=&#8221;margin_top:-20;border_bottom:1&#8243; link=&#8221;url:tel%3A4448347|title:CALL%20CENTER|target:%20_blank|&#8221; href=&#8221;&#8220;tel:44483470&#8243; target=&#8221;&#8220;_blank&#8220;&#8221; text=&#8221;444 8 347&#8243;][tm_box_icon style=&#8221;3&#8243; icon_type=&#8221;ion&#8221; icon_ion=&#8221;ion-social-whatsapp-outline&#8221; custom_border_color=&#8221;#d4d2d2&#8243; border_style=&#8221;dashed&#8221; heading=&#8221;WHATSAPP HOTLINE&#8221; button=&#8221;|||&#8221; lg_spacing=&#8221;margin_top:-20;border_bottom:1&#8243; link=&#8221;url:https%3A%2F%2Fapi.whatsapp.com%2Fsend%3Fphone%3D905307213293||target:%20_blank|&#8221; text=&#8221;0530 721 32 93&#8243;][tm_box_icon style=&#8221;3&#8243; icon_type=&#8221;ion&#8221; icon_ion=&#8221;ion-at&#8221; custom_border_color=&#8221;#d4d2d2&#8243; border_style=&#8221;dashed&#8221; heading=&#8221;E-MAIL ADDRESS&#8221; button=&#8221;|||&#8221; lg_spacing=&#8221;margin_top:-20&#8243; link=&#8221;url:mailto%3Ailetisim%40dentaydin.com||target:%20_blank|&#8221; text=&#8221;iletisim@dentaydin.com&#8221;][\/vc_column_inner][vc_column_inner offset=&#8221;vc_col-lg-8&#8243;][tm_image image=&#8221;7169&#8243;][\/vc_column_inner][\/vc_row_inner][vc_separator style=&#8221;shadow&#8221; el_id=&#8221;harita&#8221;][\/vc_column][\/vc_row][vc_row][vc_column width=&#8221;1\/2&#8243;][vc_column_text]<iframe loading=\"lazy\" style=\"border: 0;\" src=\"https:\/\/www.google.com\/maps\/embed?pb=!1m18!1m12!1m3!1d752.723169045512!2d28.685997229258092!3d41.005722198706295!2m3!1f0!2f0!3f0!3m2!1i1024!2i768!4f13.1!3m3!1m2!1s0x14caa08f14132973%3A0x71514e6b4912033f!2sSaadetdere%2C%20122.%20Sk.%20No%3A18%2C%2034513%20Beylikd%C3%BCz%C3%BC%20Osb%2FEsenyurt%2F%C4%B0stanbul!5e0!3m2!1str!2str!4v1578416910976!5m2!1str!2str\" width=\"100%\" height=\"740\" frameborder=\"0\" allowfullscreen=\"allowfullscreen\"><\/iframe>[\/vc_column_text][\/vc_column][vc_column width=&#8221;1\/2&#8243;][tm_spacer size=&#8221;xs:40;lg:0&#8243;][vc_column_text]<\/p>\n<h3>Write to Us<\/h3>\n<div class=\"wpb_text_column wpb_content_element \">\n<div class=\"wpb_wrapper\">\n<p>We look forward to your feedback on a number of issues, such as your concerns, suggestions, complaints, etc.<\/p>\n<\/div>\n<\/div>\n<p>[\/vc_column_text][tm_spacer size=&#8221;lg:40&#8243;][tm_contact_form_7 id=&#8221;2939&#8243;][\/vc_column][\/vc_row][vc_row][vc_column][tm_spacer size=&#8221;lg:80&#8243;][\/vc_column][\/vc_row]<\/p>\n","protected":false},"excerpt":{"rendered":"<p>[vc_row][vc_column][tm_spacer size=&#8221;lg:80&#8243;][\/vc_column][\/vc_row][vc_row lg_spacing=&#8221;padding_bottom:60&#8243;][vc_column][vc_row_inner][vc_column_inner offset=&#8221;vc_col-lg-4&#8243;][tm_box_icon style=&#8221;3&#8243; icon_type=&#8221;fontawesome5&#8243; icon_fontawesome5=&#8221;far fa-map-marked-alt&#8221; custom_border_color=&#8221;#d4d2d2&#8243; border_style=&#8221;dashed&#8221; heading=&#8221;Esenyurt ADDRESS&#8221; button=&#8221;|||&#8221; lg_spacing=&#8221;border_bottom:1&#8243; link=&#8221;url:http%3A%2F%2Fdentaydin.com%2Fbize-ulasin%2Fbahcelievler-yerleskesi%2F%23harita|title:%20CALL%20CENTER||&#8221; text=&#8221;Nam\u0131k Kemal Mahallesi, 122. Sk. No:18, 34513 Beylikd\u00fcz\u00fc Osb \/ Esenyurt \/ \u0130STANBUL&#8221;][tm_box_icon style=&#8221;3&#8243; icon_type=&#8221;fontawesome5&#8243; icon_fontawesome5=&#8221;far fa-headphones-alt&#8221; custom_border_color=&#8221;#d4d2d2&#8243; border_style=&#8221;dashed&#8221; heading=&#8221;CALL CENTER&#8221; button=&#8221;|||&#8221; lg_spacing=&#8221;margin_top:-20;border_bottom:1&#8243; link=&#8221;url:tel%3A4448347|title:CALL%20CENTER|target:%20_blank|&#8221; href=&#8221;&#8220;tel:44483470&#8243; target=&#8221;&#8220;_blank&#8220;&#8221; text=&#8221;444 8 347&#8243;][tm_box_icon style=&#8221;3&#8243; icon_type=&#8221;ion&#8221; icon_ion=&#8221;ion-social-whatsapp-outline&#8221; custom_border_color=&#8221;#d4d2d2&#8243; border_style=&#8221;dashed&#8221; heading=&#8221;WHATSAPP HOTLINE&#8221; button=&#8221;|||&#8221; lg_spacing=&#8221;margin_top:-20;border_bottom:1&#8243; link=&#8221;url:https%3A%2F%2Fapi.whatsapp.com%2Fsend%3Fphone%3D905307213293||target:%20_blank|&#8221; text=&#8221;0530 721 32 93&#8243;][tm_box_icon style=&#8221;3&#8243; icon_type=&#8221;ion&#8221; icon_ion=&#8221;ion-at&#8221; custom_border_color=&#8221;#d4d2d2&#8243; border_style=&#8221;dashed&#8221; heading=&#8221;E-MAIL ADDRESS&#8221; button=&#8221;|||&#8221; lg_spacing=&#8221;margin_top:-20&#8243; link=&#8221;url:mailto%3Ailetisim%40dentaydin.com||target:%20_blank|&#8221; text=&#8221;iletisim@dentaydin.com&#8221;][\/vc_column_inner][vc_column_inner offset=&#8221;vc_col-lg-8&#8243;][tm_image image=&#8221;7169&#8243;][\/vc_column_inner][\/vc_row_inner][vc_separator style=&#8221;shadow&#8221; el_id=&#8221;harita&#8221;][\/vc_column][\/vc_row][vc_row][vc_column width=&#8221;1\/2&#8243;][vc_column_text][\/vc_column_text][\/vc_column][vc_column width=&#8221;1\/2&#8243;][tm_spacer size=&#8221;xs:40;lg:0&#8243;][vc_column_text] Write to Us We look forward to your feedback on a number of issues, such as your concerns, suggestions, complaints, etc. [\/vc_column_text][tm_spacer size=&#8221;lg:40&#8243;][tm_contact_form_7 id=&#8221;2939&#8243;][\/vc_column][\/vc_row][vc_row][vc_column][tm_spacer size=&#8221;lg:80&#8243;][\/vc_column][\/vc_row]<\/p>\n","protected":false},"author":1,"featured_media":0,"parent":560,"menu_order":0,"comment_status":"closed","ping_status":"closed","template":"","meta":[],"_links":{"self":[{"href":"https:\/\/dentaydin.com\/en\/wp-json\/wp\/v2\/pages\/7127"}],"collection":[{"href":"https:\/\/dentaydin.com\/en\/wp-json\/wp\/v2\/pages"}],"about":[{"href":"https:\/\/dentaydin.com\/en\/wp-json\/wp\/v2\/types\/page"}],"author":[{"embeddable":true,"href":"https:\/\/dentaydin.com\/en\/wp-json\/wp\/v2\/users\/1"}],"replies":[{"embeddable":true,"href":"https:\/\/dentaydin.com\/en\/wp-json\/wp\/v2\/comments?post=7127"}],"version-history":[{"count":12,"href":"https:\/\/dentaydin.com\/en\/wp-json\/wp\/v2\/pages\/7127\/revisions"}],"predecessor-version":[{"id":7177,"href":"https:\/\/dentaydin.com\/en\/wp-json\/wp\/v2\/pages\/7127\/revisions\/7177"}],"up":[{"embeddable":true,"href":"https:\/\/dentaydin.com\/en\/wp-json\/wp\/v2\/pages\/560"}],"wp:attachment":[{"href":"https:\/\/dentaydin.com\/en\/wp-json\/wp\/v2\/media?parent=7127"}],"curies":[{"name":"wp","href":"https:\/\/api.w.org\/{rel}","templated":true}]}}